{"id":3567,"date":"2023-07-28T12:23:11","date_gmt":"2023-07-28T12:23:11","guid":{"rendered":"http:\/\/www.decyde.es\/?page_id=3567"},"modified":"2023-07-31T08:36:50","modified_gmt":"2023-07-31T08:36:50","slug":"laboral","status":"publish","type":"page","link":"http:\/\/www.decyde.es\/en\/laboral\/","title":{"rendered":"Laboral"},"content":{"rendered":"<style>\/*! elementor - v3.14.0 - 26-06-2023 *\/\n.elementor-heading-title{padding:0;margin:0;line-height:1}.elementor-widget-heading .elementor-heading-title[class*=elementor-size-]>a{color:inherit;font-size:inherit;line-height:inherit}.elementor-widget-heading .elementor-heading-title.elementor-size-small{font-size:15px}.elementor-widget-heading .elementor-heading-title.elementor-size-medium{font-size:19px}.elementor-widget-heading .elementor-heading-title.elementor-size-large{font-size:29px}.elementor-widget-heading .elementor-heading-title.elementor-size-xl{font-size:39px}.elementor-widget-heading .elementor-heading-title.elementor-size-xxl{font-size:59px}<\/style>\n<h2>Servicios Laborales<\/h2>\n<ul>\n<li>\u00a0 \u00a0 \u00a0 \u00a0<a href=\"#1\">Seguridad Social: consultas y tr\u00e1mites<\/a><\/li>\n<li>\u00a0<\/li>\n<li>\u00a0 \u00a0 \u00a0 \u00a0<a href=\"#2\">Contratos: te ayudamos a saber elegir el m\u00e1s adecuado para el candidato y puesto a desempe\u00f1ar.<\/a><\/li>\n<li>\u00a0<\/li>\n<li>\u00a0 \u00a0 \u00a0 \u00a0<a style=\"color: #993300; text-decoration: underline;\" href=\"#3\">Despidos, c\u00e1lculo de indemnizaciones y formas, reclamaci\u00f3n judicial.<\/a><\/li>\n<li>\u00a0<\/li>\n<li>\u00a0 \u00a0 \u00a0 \u00a0<a href=\"#4\">Reforma laboral, contrato para la formaci\u00f3n, m\u00e1s ventajas para la empresa y trabajador.<\/a><\/li>\n<\/ul>\n<style>\/*! elementor - v3.14.0 - 26-06-2023 *\/\nbody.elementor-page .elementor-widget-menu-anchor{margin-bottom:0}<\/style>\n<h2>Consultas Seguridad Social\/Prestaciones<\/h2>\n<ul>\n<li style=\"font-weight: 400;\" aria-level=\"1\">Informaci\u00f3n sobre cotizaciones a la seguridad social, costes para el empresario y trabajador. Cambio de bases de cotizaci\u00f3n aut\u00f3nomos, \u00bfCuando? \u00bfPor que?. Pre-c\u00e1lculo de pensi\u00f3n de jubilaci\u00f3n.<\/li>\n<li style=\"font-weight: 400;\" aria-level=\"1\">Prestaciones de desempleo, cuant\u00eda y duraci\u00f3n, c\u00e1lculo y solicitud de Pago \u00danico para montar tu negocio.<\/li>\n<li style=\"font-weight: 400;\" aria-level=\"1\">Bajas por Enfermedad com\u00fan, duraci\u00f3n y mejoras. Pensiones de incapacidad, tipos y prestaci\u00f3n. \u00bfNecesitas hacer una reclamaci\u00f3n por da\u00f1os ocasiones en un accidente de trabajo?<\/li>\n<\/ul>\n<style>\/*! elementor - v3.14.0 - 26-06-2023 *\/\n.elementor-widget-image{text-align:center}.elementor-widget-image a{display:inline-block}.elementor-widget-image a img[src$=\".svg\"]{width:48px}.elementor-widget-image img{vertical-align:middle;display:inline-block}<\/style>\n<p>\t\t\t\t\t\t\t\t\t\t\t\t<img decoding=\"async\" width=\"1030\" height=\"686\" src=\"http:\/\/www.decyde.es\/wp-content\/uploads\/2023\/07\/mano-usando-computadora-portatil-pantalla-virtual-documento-aprobar-linea-concepto-gestion-erp-garantia-calidad-papel-1030x686.jpg\" alt=\"\" loading=\"lazy\" srcset=\"http:\/\/www.decyde.es\/wp-content\/uploads\/2023\/07\/mano-usando-computadora-portatil-pantalla-virtual-documento-aprobar-linea-concepto-gestion-erp-garantia-calidad-papel-1030x686.jpg 1030w, http:\/\/www.decyde.es\/wp-content\/uploads\/2023\/07\/mano-usando-computadora-portatil-pantalla-virtual-documento-aprobar-linea-concepto-gestion-erp-garantia-calidad-papel-300x200.jpg 300w, http:\/\/www.decyde.es\/wp-content\/uploads\/2023\/07\/mano-usando-computadora-portatil-pantalla-virtual-documento-aprobar-linea-concepto-gestion-erp-garantia-calidad-papel-768x512.jpg 768w, http:\/\/www.decyde.es\/wp-content\/uploads\/2023\/07\/mano-usando-computadora-portatil-pantalla-virtual-documento-aprobar-linea-concepto-gestion-erp-garantia-calidad-papel-1536x1024.jpg 1536w, http:\/\/www.decyde.es\/wp-content\/uploads\/2023\/07\/mano-usando-computadora-portatil-pantalla-virtual-documento-aprobar-linea-concepto-gestion-erp-garantia-calidad-papel-1500x1000.jpg 1500w, http:\/\/www.decyde.es\/wp-content\/uploads\/2023\/07\/mano-usando-computadora-portatil-pantalla-virtual-documento-aprobar-linea-concepto-gestion-erp-garantia-calidad-papel-705x470.jpg 705w, http:\/\/www.decyde.es\/wp-content\/uploads\/2023\/07\/mano-usando-computadora-portatil-pantalla-virtual-documento-aprobar-linea-concepto-gestion-erp-garantia-calidad-papel-450x300.jpg 450w, http:\/\/www.decyde.es\/wp-content\/uploads\/2023\/07\/mano-usando-computadora-portatil-pantalla-virtual-documento-aprobar-linea-concepto-gestion-erp-garantia-calidad-papel.jpg 2000w\" sizes=\"(max-width: 1030px) 100vw, 1030px\" \/><br \/>\n\t\t\t\t\t\t\t\t\t\t\t\t\t\t\t<img decoding=\"async\" width=\"1030\" height=\"688\" src=\"http:\/\/www.decyde.es\/wp-content\/uploads\/2023\/07\/primer-plano-manos-pasando-contrato-al-empresario-irreconocible-1030x688.jpg\" alt=\"\" loading=\"lazy\" srcset=\"http:\/\/www.decyde.es\/wp-content\/uploads\/2023\/07\/primer-plano-manos-pasando-contrato-al-empresario-irreconocible-1030x688.jpg 1030w, http:\/\/www.decyde.es\/wp-content\/uploads\/2023\/07\/primer-plano-manos-pasando-contrato-al-empresario-irreconocible-300x200.jpg 300w, http:\/\/www.decyde.es\/wp-content\/uploads\/2023\/07\/primer-plano-manos-pasando-contrato-al-empresario-irreconocible-768x513.jpg 768w, http:\/\/www.decyde.es\/wp-content\/uploads\/2023\/07\/primer-plano-manos-pasando-contrato-al-empresario-irreconocible-1536x1025.jpg 1536w, http:\/\/www.decyde.es\/wp-content\/uploads\/2023\/07\/primer-plano-manos-pasando-contrato-al-empresario-irreconocible-1500x1001.jpg 1500w, http:\/\/www.decyde.es\/wp-content\/uploads\/2023\/07\/primer-plano-manos-pasando-contrato-al-empresario-irreconocible-705x471.jpg 705w, http:\/\/www.decyde.es\/wp-content\/uploads\/2023\/07\/primer-plano-manos-pasando-contrato-al-empresario-irreconocible-450x300.jpg 450w, http:\/\/www.decyde.es\/wp-content\/uploads\/2023\/07\/primer-plano-manos-pasando-contrato-al-empresario-irreconocible.jpg 2000w\" sizes=\"(max-width: 1030px) 100vw, 1030px\" \/>\t\t\t\t\t\t\t\t\t\t\t\t\t\t\t<\/p>\n<h2>Tr\u00e1mites ante la Seguridad Social<\/h2>\n<ul>\n<li style=\"font-weight: 400;\" aria-level=\"1\">Altas de empresas en la Seguridad Social.<\/li>\n<li style=\"font-weight: 400;\" aria-level=\"1\">Altas, bajas y modificaciones de filiaci\u00f3n de trabajadores.<\/li>\n<li style=\"font-weight: 400;\" aria-level=\"1\">Confecci\u00f3n de Boletines mensuales de cotizaci\u00f3n a la Seguridad Social (TC1, TC2).<\/li>\n<li style=\"font-weight: 400;\" aria-level=\"1\">Solicitud de bonificaciones de la Seguridad Social en funci\u00f3n del tipo de contrataci\u00f3n.<\/li>\n<li style=\"font-weight: 400;\" aria-level=\"1\">Tr\u00e1mites de altas, bajas y modificaciones en el R\u00e9gimen Especial de la Seguridad Social: Trabajadores Aut\u00f3nomos (RETA), Hogar, Representantes de Comercio, Artistas, Agrario, etc.<\/li>\n<li style=\"font-weight: 400;\" aria-level=\"1\">Gesti\u00f3n de bajas laborales por Enfermedad o Accidente Laboral<\/li>\n<li style=\"font-weight: 400;\" aria-level=\"1\">Solicitud de aplazamiento de pago de cuotas de la Seguridad Social.<\/li>\n<\/ul>\n<p>\t\t\t\t\t\t\t\t\t\t\t\t\t\t\t<img decoding=\"async\" width=\"2000\" height=\"1333\" src=\"http:\/\/www.decyde.es\/wp-content\/uploads\/2023\/07\/hombres-negocios-sentados-escritorio-abogados-personas-que-firman-documentos-importantes.jpg\" alt=\"\" loading=\"lazy\" srcset=\"http:\/\/www.decyde.es\/wp-content\/uploads\/2023\/07\/hombres-negocios-sentados-escritorio-abogados-personas-que-firman-documentos-importantes.jpg 2000w, http:\/\/www.decyde.es\/wp-content\/uploads\/2023\/07\/hombres-negocios-sentados-escritorio-abogados-personas-que-firman-documentos-importantes-300x200.jpg 300w, http:\/\/www.decyde.es\/wp-content\/uploads\/2023\/07\/hombres-negocios-sentados-escritorio-abogados-personas-que-firman-documentos-importantes-1030x686.jpg 1030w, http:\/\/www.decyde.es\/wp-content\/uploads\/2023\/07\/hombres-negocios-sentados-escritorio-abogados-personas-que-firman-documentos-importantes-768x512.jpg 768w, http:\/\/www.decyde.es\/wp-content\/uploads\/2023\/07\/hombres-negocios-sentados-escritorio-abogados-personas-que-firman-documentos-importantes-1536x1024.jpg 1536w, http:\/\/www.decyde.es\/wp-content\/uploads\/2023\/07\/hombres-negocios-sentados-escritorio-abogados-personas-que-firman-documentos-importantes-1500x1000.jpg 1500w, http:\/\/www.decyde.es\/wp-content\/uploads\/2023\/07\/hombres-negocios-sentados-escritorio-abogados-personas-que-firman-documentos-importantes-705x470.jpg 705w, http:\/\/www.decyde.es\/wp-content\/uploads\/2023\/07\/hombres-negocios-sentados-escritorio-abogados-personas-que-firman-documentos-importantes-450x300.jpg 450w\" sizes=\"(max-width: 2000px) 100vw, 2000px\" \/>\t\t\t\t\t\t\t\t\t\t\t\t\t\t\t<\/p>\n<h2>Contratos de trabajo, n\u00f3minas, boletines de cotizaci\u00f3n, tr\u00e1mites ante la Seguridad Social e INEM<\/h2>\n<ul>\n<li style=\"font-weight: 400;\" aria-level=\"1\">Asesoramiento y tr\u00e1mites Laboral.<\/li>\n<li style=\"font-weight: 400;\" aria-level=\"1\">Consultas de <b>Asesor\u00eda Jur\u00eddico Laboral<\/b>.<\/li>\n<li style=\"font-weight: 400;\" aria-level=\"1\">Estudio y formalizaci\u00f3n de Contratos de trabajo.<\/li>\n<li style=\"font-weight: 400;\" aria-level=\"1\">Tramitaci\u00f3n de pr\u00f3rrogas o modificaciones de contratos de trabajo.<\/li>\n<li style=\"font-weight: 400;\" aria-level=\"1\">Confecci\u00f3n de recibos de salarios (<b>N\u00f3minas<\/b> mensuales y pagas extraordinarias).<\/li>\n<li style=\"font-weight: 400;\" aria-level=\"1\">Confecci\u00f3n de liquidaciones y <b>finiquitos<\/b> de retribuciones de trabajadores, baja voluntaria\/despido.<\/li>\n<li style=\"font-weight: 400;\" aria-level=\"1\">Confecci\u00f3n Calendario Laboral (Jornada Laboral, Descansos y Vacaciones).<\/li>\n<li style=\"font-weight: 400;\" aria-level=\"1\">Informaci\u00f3n derechos y obligaciones empresario y trabajador, as\u00ed como Convenios Colectivos.<\/li>\n<\/ul>\n<h2>Servicios con tarificaci\u00f3n independiente, no incluidos en tarifa mensual<\/h2>\n<ul>\n<li style=\"font-weight: 400;\" aria-level=\"1\">Representaci\u00f3n ante los requerimientos de la Inspecci\u00f3n de Trabajo.<\/li>\n<li style=\"font-weight: 400;\" aria-level=\"1\">Reclamaciones y Recursos laborales.<\/li>\n<li style=\"font-weight: 400;\" aria-level=\"1\">Asistencia a los Actos de Conciliaci\u00f3n Laboral ante el SMAC, en materia de despido, reclamaci\u00f3n de cantidades, rescisi\u00f3n de contrato, reconocimiento de derecho, etc.<\/li>\n<li style=\"font-weight: 400;\" aria-level=\"1\">Representaci\u00f3n y defensa ante los Juzgados de lo Social, para resoluci\u00f3n de conflictos laborales.<\/li>\n<li style=\"font-weight: 400;\" aria-level=\"1\">Formalizaci\u00f3n de Recursos ante el Tribunal Superior de Justicia (Recurso de Suplicaci\u00f3n), ante el Tribunal Supremo (Recurso de Casaci\u00f3n) y ante el Tribunal Constitucional y\/\u00f3 impugnaci\u00f3n de los mismos.<\/li>\n<li style=\"font-weight: 400;\" aria-level=\"1\">Redacci\u00f3n de Dict\u00e1menes e Informes por escrito en materia laboral<\/li>\n<li style=\"font-weight: 400;\" aria-level=\"1\">Asesoramiento y tr\u00e1mite de prestaciones de la Seguridad Social: Asistencia Social, Invalidez Permanente, Jubilaci\u00f3n, Viudedad y Orfandad, Auxilio por Defunci\u00f3n, Prestaci\u00f3n a favor de familiares, Desempleo y Pensiones no contributivas.<\/li>\n<li style=\"font-weight: 400;\" aria-level=\"1\">Reclamaciones y Recursos, expediente de regulaci\u00f3n de empleo, y\/o despidos colectivos.<\/li>\n<li style=\"font-weight: 400;\" aria-level=\"1\">Representaci\u00f3n y defensa ante los Juzgados de lo Social, resoluci\u00f3n de conflictos de Seguridad Social.<\/li>\n<li style=\"font-weight: 400;\" aria-level=\"1\">Representaci\u00f3n ante los requerimientos de la Tesorer\u00eda General de la Seguridad Social.<\/li>\n<\/ul>\n<p>\t\t\t\t\t\t\t\t\t\t\t\t\t\t\t<img decoding=\"async\" width=\"1030\" height=\"688\" src=\"http:\/\/www.decyde.es\/wp-content\/uploads\/2023\/07\/empresario-trabajando-oficina-1030x688.jpg\" alt=\"\" loading=\"lazy\" srcset=\"http:\/\/www.decyde.es\/wp-content\/uploads\/2023\/07\/empresario-trabajando-oficina-1030x688.jpg 1030w, http:\/\/www.decyde.es\/wp-content\/uploads\/2023\/07\/empresario-trabajando-oficina-300x200.jpg 300w, http:\/\/www.decyde.es\/wp-content\/uploads\/2023\/07\/empresario-trabajando-oficina-768x513.jpg 768w, http:\/\/www.decyde.es\/wp-content\/uploads\/2023\/07\/empresario-trabajando-oficina-1536x1025.jpg 1536w, http:\/\/www.decyde.es\/wp-content\/uploads\/2023\/07\/empresario-trabajando-oficina-1500x1001.jpg 1500w, http:\/\/www.decyde.es\/wp-content\/uploads\/2023\/07\/empresario-trabajando-oficina-705x471.jpg 705w, http:\/\/www.decyde.es\/wp-content\/uploads\/2023\/07\/empresario-trabajando-oficina-450x300.jpg 450w, http:\/\/www.decyde.es\/wp-content\/uploads\/2023\/07\/empresario-trabajando-oficina.jpg 2000w\" sizes=\"(max-width: 1030px) 100vw, 1030px\" \/>\t\t\t\t\t\t\t\t\t\t\t\t\t\t\t<\/p>\n<h2>Easy step to get the service<\/h2>\n<p>Lorem fistrum por la gloria de mi madre esse jarl aliqua llevame al sircoo. De la pradera ullamco qu\u00e9 dise usteer est\u00e1 la cosa muy malar.<\/p>\n<style>\/*! elementor - v3.14.0 - 26-06-2023 *\/\n.elementor-toggle{text-align:left}.elementor-toggle .elementor-tab-title{font-weight:700;line-height:1;margin:0;padding:15px;border-bottom:1px solid #d5d8dc;cursor:pointer;outline:none}.elementor-toggle .elementor-tab-title .elementor-toggle-icon{display:inline-block;width:1em}.elementor-toggle .elementor-tab-title .elementor-toggle-icon svg{-webkit-margin-start:-5px;margin-inline-start:-5px;width:1em;height:1em}.elementor-toggle .elementor-tab-title .elementor-toggle-icon.elementor-toggle-icon-right{float:right;text-align:right}.elementor-toggle .elementor-tab-title .elementor-toggle-icon.elementor-toggle-icon-left{float:left;text-align:left}.elementor-toggle .elementor-tab-title .elementor-toggle-icon .elementor-toggle-icon-closed{display:block}.elementor-toggle .elementor-tab-title .elementor-toggle-icon .elementor-toggle-icon-opened{display:none}.elementor-toggle .elementor-tab-title.elementor-active{border-bottom:none}.elementor-toggle .elementor-tab-title.elementor-active .elementor-toggle-icon-closed{display:none}.elementor-toggle .elementor-tab-title.elementor-active .elementor-toggle-icon-opened{display:block}.elementor-toggle .elementor-tab-content{padding:15px;border-bottom:1px solid #d5d8dc;display:none}@media (max-width:767px){.elementor-toggle .elementor-tab-title{padding:12px}.elementor-toggle .elementor-tab-content{padding:12px 10px}}.e-con-inner>.elementor-widget-toggle,.e-con>.elementor-widget-toggle{width:var(--container-widget-width);--flex-grow:var(--container-widget-flex-grow)}<\/style>\n<p>\t\t\t\t\t\t\t\t\t\t\t\t<a tabindex=\"0\">1. Consultations<\/a><br \/>\n\t\t\t\t\tLorem ipsum dolor sit amet, consectetur adipiscing elit. Ut elit tellus, luctus nec ullamcorper mattis, pulvinar dapibus leo.<br \/>\n\t\t\t\t\t\t\t\t\t\t\t\t<a tabindex=\"0\">2. Choose Package<\/a><br \/>\n\t\t\t\t\tLorem ipsum dolor sit amet, consectetur adipiscing elit. Ut elit tellus, luctus nec ullamcorper mattis, pulvinar dapibus leo.<br \/>\n\t\t\t\t\t\t\t\t\t\t\t\t<a tabindex=\"0\">3. Complete your documents<\/a><br \/>\n\t\t\t\t\tLorem ipsum dolor sit amet, consectetur adipiscing elit. Ut elit tellus, luctus nec ullamcorper mattis, pulvinar dapibus leo.<br \/>\n\t\t\t\t\t\t\t\t\t\t\t\t<a tabindex=\"0\">4. Assignment Process<\/a><br \/>\n\t\t\t\t\tLorem ipsum dolor sit amet, consectetur adipiscing elit. Ut elit tellus, luctus nec ullamcorper mattis, pulvinar dapibus leo.<br \/>\n\t\t\t\t\t\t\t\t\t\t\t\t<a tabindex=\"0\">5. Delivery your documents<\/a><br \/>\n\t\t\t\t\tLorem ipsum dolor sit amet, consectetur adipiscing elit. Ut elit tellus, luctus nec ullamcorper mattis, pulvinar dapibus leo.<br \/>\n\t\t\t\t\t\t\t\t\t\t\t\t\t\t\t<img decoding=\"async\" width=\"1080\" height=\"720\" src=\"http:\/\/www.decyde.es\/wp-content\/uploads\/2023\/07\/smiling-businesswomen-working-over-a-laptop-together-in-an-office.jpg\" alt=\"\" loading=\"lazy\" srcset=\"http:\/\/www.decyde.es\/wp-content\/uploads\/2023\/07\/smiling-businesswomen-working-over-a-laptop-together-in-an-office.jpg 1080w, http:\/\/www.decyde.es\/wp-content\/uploads\/2023\/07\/smiling-businesswomen-working-over-a-laptop-together-in-an-office-300x200.jpg 300w, http:\/\/www.decyde.es\/wp-content\/uploads\/2023\/07\/smiling-businesswomen-working-over-a-laptop-together-in-an-office-1030x687.jpg 1030w, http:\/\/www.decyde.es\/wp-content\/uploads\/2023\/07\/smiling-businesswomen-working-over-a-laptop-together-in-an-office-768x512.jpg 768w, http:\/\/www.decyde.es\/wp-content\/uploads\/2023\/07\/smiling-businesswomen-working-over-a-laptop-together-in-an-office-705x470.jpg 705w, http:\/\/www.decyde.es\/wp-content\/uploads\/2023\/07\/smiling-businesswomen-working-over-a-laptop-together-in-an-office-450x300.jpg 450w\" sizes=\"(max-width: 1080px) 100vw, 1080px\" \/><\/p>","protected":false},"excerpt":{"rendered":"<p>Servicios Laborales \u00a0 \u00a0 \u00a0 \u00a0Seguridad Social: consultas y tr\u00e1mites \u00a0 \u00a0 \u00a0 \u00a0 \u00a0Contratos: te ayudamos a saber elegir el m\u00e1s adecuado para el candidato y puesto a desempe\u00f1ar. \u00a0 \u00a0 \u00a0 \u00a0 \u00a0Despidos, c\u00e1lculo de indemnizaciones y formas, reclamaci\u00f3n judicial. \u00a0 \u00a0 \u00a0 \u00a0 \u00a0Reforma laboral, contrato para la formaci\u00f3n, m\u00e1s ventajas para [&hellip;]<\/p>","protected":false},"author":1,"featured_media":0,"parent":0,"menu_order":0,"comment_status":"closed","ping_status":"closed","template":"elementor_header_footer","meta":[],"_links":{"self":[{"href":"http:\/\/www.decyde.es\/en\/wp-json\/wp\/v2\/pages\/3567"}],"collection":[{"href":"http:\/\/www.decyde.es\/en\/wp-json\/wp\/v2\/pages"}],"about":[{"href":"http:\/\/www.decyde.es\/en\/wp-json\/wp\/v2\/types\/page"}],"author":[{"embeddable":true,"href":"http:\/\/www.decyde.es\/en\/wp-json\/wp\/v2\/users\/1"}],"replies":[{"embeddable":true,"href":"http:\/\/www.decyde.es\/en\/wp-json\/wp\/v2\/comments?post=3567"}],"version-history":[{"count":24,"href":"http:\/\/www.decyde.es\/en\/wp-json\/wp\/v2\/pages\/3567\/revisions"}],"predecessor-version":[{"id":3706,"href":"http:\/\/www.decyde.es\/en\/wp-json\/wp\/v2\/pages\/3567\/revisions\/3706"}],"wp:attachment":[{"href":"http:\/\/www.decyde.es\/en\/wp-json\/wp\/v2\/media?parent=3567"}],"curies":[{"name":"wp","href":"https:\/\/api.w.org\/{rel}","templated":true}]}}