{"id":3614,"date":"2023-07-28T12:39:18","date_gmt":"2023-07-28T12:39:18","guid":{"rendered":"http:\/\/www.decyde.es\/?page_id=3614"},"modified":"2023-07-31T08:41:04","modified_gmt":"2023-07-31T08:41:04","slug":"juridico","status":"publish","type":"page","link":"http:\/\/www.decyde.es\/en\/juridico\/","title":{"rendered":"Juridico"},"content":{"rendered":"<style>\/*! elementor - v3.14.0 - 26-06-2023 *\/\n.elementor-heading-title{padding:0;margin:0;line-height:1}.elementor-widget-heading .elementor-heading-title[class*=elementor-size-]>a{color:inherit;font-size:inherit;line-height:inherit}.elementor-widget-heading .elementor-heading-title.elementor-size-small{font-size:15px}.elementor-widget-heading .elementor-heading-title.elementor-size-medium{font-size:19px}.elementor-widget-heading .elementor-heading-title.elementor-size-large{font-size:29px}.elementor-widget-heading .elementor-heading-title.elementor-size-xl{font-size:39px}.elementor-widget-heading .elementor-heading-title.elementor-size-xxl{font-size:59px}<\/style>\n<h2>Servicios Jur\u00eddicos<\/h2>\n<p>En VIA ASESORES, sabemos lo importante que es contar con un respaldo legal s\u00f3lido para proteger los intereses de tu negocio. Nuestro equipo de expertos en asesor\u00eda jur\u00eddica est\u00e1 comprometido a brindarte el apoyo necesario para enfrentar cualquier desaf\u00edo legal que pueda surgir en el \u00e1mbito empresarial. <br \/>Garantizamos una asesor\u00eda jur\u00eddica integral y personalizada, que te permita tomar decisiones informadas y proteger tus derechos en todas las \u00e1reas jur\u00eddicas relevantes.<\/p>\n<h2>Asesoramiento Legal Integral:<\/h2>\n<ul>\n<li style=\"font-weight: 400;\" aria-level=\"1\">\n<ul>\n<li style=\"font-weight: 400;\" aria-level=\"2\">Asesor\u00eda legal en temas corporativos, comerciales y contractuales.<\/li>\n<li style=\"font-weight: 400;\" aria-level=\"2\">Evaluaci\u00f3n de riesgos legales y elaboraci\u00f3n de estrategias preventivas.<\/li>\n<li style=\"font-weight: 400;\" aria-level=\"2\">Apoyo en la toma de decisiones legales para impulsar el crecimiento de tu negocio.<\/li>\n<li style=\"font-weight: 400;\" aria-level=\"2\">\u00a0<\/li>\n<\/ul>\n<\/li>\n<\/ul>\n<style>\/*! elementor - v3.14.0 - 26-06-2023 *\/\n.elementor-widget-image{text-align:center}.elementor-widget-image a{display:inline-block}.elementor-widget-image a img[src$=\".svg\"]{width:48px}.elementor-widget-image img{vertical-align:middle;display:inline-block}<\/style>\n<p>\t\t\t\t\t\t\t\t\t\t\t\t<img decoding=\"async\" width=\"1030\" height=\"686\" src=\"http:\/\/www.decyde.es\/wp-content\/uploads\/2023\/07\/hombre-negocios-financiero-inspector-secretaria-haciendo-informe-calculo-o-comprobacion-balance-inspector-servicio-rentas-internas-revisando-documento-concepto-auditoria-1030x686.jpg\" alt=\"\" loading=\"lazy\" srcset=\"http:\/\/www.decyde.es\/wp-content\/uploads\/2023\/07\/hombre-negocios-financiero-inspector-secretaria-haciendo-informe-calculo-o-comprobacion-balance-inspector-servicio-rentas-internas-revisando-documento-concepto-auditoria-1030x686.jpg 1030w, http:\/\/www.decyde.es\/wp-content\/uploads\/2023\/07\/hombre-negocios-financiero-inspector-secretaria-haciendo-informe-calculo-o-comprobacion-balance-inspector-servicio-rentas-internas-revisando-documento-concepto-auditoria-300x200.jpg 300w, http:\/\/www.decyde.es\/wp-content\/uploads\/2023\/07\/hombre-negocios-financiero-inspector-secretaria-haciendo-informe-calculo-o-comprobacion-balance-inspector-servicio-rentas-internas-revisando-documento-concepto-auditoria-768x512.jpg 768w, http:\/\/www.decyde.es\/wp-content\/uploads\/2023\/07\/hombre-negocios-financiero-inspector-secretaria-haciendo-informe-calculo-o-comprobacion-balance-inspector-servicio-rentas-internas-revisando-documento-concepto-auditoria-1536x1024.jpg 1536w, http:\/\/www.decyde.es\/wp-content\/uploads\/2023\/07\/hombre-negocios-financiero-inspector-secretaria-haciendo-informe-calculo-o-comprobacion-balance-inspector-servicio-rentas-internas-revisando-documento-concepto-auditoria-1500x1000.jpg 1500w, http:\/\/www.decyde.es\/wp-content\/uploads\/2023\/07\/hombre-negocios-financiero-inspector-secretaria-haciendo-informe-calculo-o-comprobacion-balance-inspector-servicio-rentas-internas-revisando-documento-concepto-auditoria-705x470.jpg 705w, http:\/\/www.decyde.es\/wp-content\/uploads\/2023\/07\/hombre-negocios-financiero-inspector-secretaria-haciendo-informe-calculo-o-comprobacion-balance-inspector-servicio-rentas-internas-revisando-documento-concepto-auditoria-450x300.jpg 450w, http:\/\/www.decyde.es\/wp-content\/uploads\/2023\/07\/hombre-negocios-financiero-inspector-secretaria-haciendo-informe-calculo-o-comprobacion-balance-inspector-servicio-rentas-internas-revisando-documento-concepto-auditoria.jpg 2000w\" sizes=\"(max-width: 1030px) 100vw, 1030px\" \/><br \/>\n\t\t\t\t\t\t\t\t\t\t\t\t\t\t\t<img decoding=\"async\" width=\"1030\" height=\"686\" src=\"http:\/\/www.decyde.es\/wp-content\/uploads\/2023\/07\/hombres-negocios-sentados-escritorio-abogados-personas-que-firman-documentos-importantes-1030x686.jpg\" alt=\"\" loading=\"lazy\" srcset=\"http:\/\/www.decyde.es\/wp-content\/uploads\/2023\/07\/hombres-negocios-sentados-escritorio-abogados-personas-que-firman-documentos-importantes-1030x686.jpg 1030w, http:\/\/www.decyde.es\/wp-content\/uploads\/2023\/07\/hombres-negocios-sentados-escritorio-abogados-personas-que-firman-documentos-importantes-300x200.jpg 300w, http:\/\/www.decyde.es\/wp-content\/uploads\/2023\/07\/hombres-negocios-sentados-escritorio-abogados-personas-que-firman-documentos-importantes-768x512.jpg 768w, http:\/\/www.decyde.es\/wp-content\/uploads\/2023\/07\/hombres-negocios-sentados-escritorio-abogados-personas-que-firman-documentos-importantes-1536x1024.jpg 1536w, http:\/\/www.decyde.es\/wp-content\/uploads\/2023\/07\/hombres-negocios-sentados-escritorio-abogados-personas-que-firman-documentos-importantes-1500x1000.jpg 1500w, http:\/\/www.decyde.es\/wp-content\/uploads\/2023\/07\/hombres-negocios-sentados-escritorio-abogados-personas-que-firman-documentos-importantes-705x470.jpg 705w, http:\/\/www.decyde.es\/wp-content\/uploads\/2023\/07\/hombres-negocios-sentados-escritorio-abogados-personas-que-firman-documentos-importantes-450x300.jpg 450w, http:\/\/www.decyde.es\/wp-content\/uploads\/2023\/07\/hombres-negocios-sentados-escritorio-abogados-personas-que-firman-documentos-importantes.jpg 2000w\" sizes=\"(max-width: 1030px) 100vw, 1030px\" \/>\t\t\t\t\t\t\t\t\t\t\t\t\t\t\t<\/p>\n<h2>Contratos y Documentaci\u00f3n Legal:<\/h2>\n<ul>\n<li style=\"font-weight: 400;\" aria-level=\"1\">\n<ul>\n<li style=\"font-weight: 400;\" aria-level=\"2\">Elaboraci\u00f3n y revisi\u00f3n de contratos comerciales y laborales.<\/li>\n<li style=\"font-weight: 400;\" aria-level=\"2\">Documentaci\u00f3n legal para fusiones, adquisiciones y acuerdos empresariales.<\/li>\n<li style=\"font-weight: 400;\" aria-level=\"2\">Garant\u00eda de cumplimiento normativo y protecci\u00f3n legal en transacciones comerciales.<\/li>\n<\/ul>\n<\/li>\n<\/ul>\n<p>\t\t\t\t\t\t\t\t\t\t\t\t\t\t\t<img decoding=\"async\" width=\"2000\" height=\"1333\" src=\"http:\/\/www.decyde.es\/wp-content\/uploads\/2023\/07\/plano-endecha-concepto-negocio.jpg\" alt=\"\" loading=\"lazy\" srcset=\"http:\/\/www.decyde.es\/wp-content\/uploads\/2023\/07\/plano-endecha-concepto-negocio.jpg 2000w, http:\/\/www.decyde.es\/wp-content\/uploads\/2023\/07\/plano-endecha-concepto-negocio-300x200.jpg 300w, http:\/\/www.decyde.es\/wp-content\/uploads\/2023\/07\/plano-endecha-concepto-negocio-1030x686.jpg 1030w, http:\/\/www.decyde.es\/wp-content\/uploads\/2023\/07\/plano-endecha-concepto-negocio-768x512.jpg 768w, http:\/\/www.decyde.es\/wp-content\/uploads\/2023\/07\/plano-endecha-concepto-negocio-1536x1024.jpg 1536w, http:\/\/www.decyde.es\/wp-content\/uploads\/2023\/07\/plano-endecha-concepto-negocio-1500x1000.jpg 1500w, http:\/\/www.decyde.es\/wp-content\/uploads\/2023\/07\/plano-endecha-concepto-negocio-705x470.jpg 705w, http:\/\/www.decyde.es\/wp-content\/uploads\/2023\/07\/plano-endecha-concepto-negocio-450x300.jpg 450w\" sizes=\"(max-width: 2000px) 100vw, 2000px\" \/>\t\t\t\t\t\t\t\t\t\t\t\t\t\t\t<\/p>\n<h2>Protecci\u00f3n de Propiedad Intelectual:<\/h2>\n<ul>\n<li style=\"font-weight: 400;\" aria-level=\"1\">\n<ul>\n<li style=\"font-weight: 400;\" aria-level=\"2\">Registro y protecci\u00f3n de marcas, patentes y derechos de autor.<\/li>\n<li style=\"font-weight: 400;\" aria-level=\"2\">Asesoramiento en litigios por infracci\u00f3n de propiedad intelectual.<\/li>\n<li style=\"font-weight: 400;\" aria-level=\"2\">Defensa de tus derechos de propiedad intelectual frente a terceros.<\/li>\n<\/ul>\n<\/li>\n<\/ul>\n<h2>Litigios y Resoluci\u00f3n de Conflictos:<\/h2>\n<ul>\n<li style=\"font-weight: 400;\" aria-level=\"1\">\n<ul>\n<li style=\"font-weight: 400;\" aria-level=\"2\">Representaci\u00f3n legal en litigios civiles, mercantiles y laborales.<\/li>\n<li style=\"font-weight: 400;\" aria-level=\"2\">Negociaci\u00f3n y mediaci\u00f3n para la resoluci\u00f3n amistosa de conflictos.<\/li>\n<li style=\"font-weight: 400;\" aria-level=\"2\">Estrategias de defensa y protecci\u00f3n de tus intereses en procedimientos legales.<\/li>\n<\/ul>\n<\/li>\n<\/ul>\n<p>\t\t\t\t\t\t\t\t\t\t\t\t\t\t\t<img decoding=\"async\" width=\"1030\" height=\"688\" src=\"http:\/\/www.decyde.es\/wp-content\/uploads\/2023\/07\/primer-plano-manos-pasando-contrato-al-empresario-irreconocible-1030x688.jpg\" alt=\"\" loading=\"lazy\" srcset=\"http:\/\/www.decyde.es\/wp-content\/uploads\/2023\/07\/primer-plano-manos-pasando-contrato-al-empresario-irreconocible-1030x688.jpg 1030w, http:\/\/www.decyde.es\/wp-content\/uploads\/2023\/07\/primer-plano-manos-pasando-contrato-al-empresario-irreconocible-300x200.jpg 300w, http:\/\/www.decyde.es\/wp-content\/uploads\/2023\/07\/primer-plano-manos-pasando-contrato-al-empresario-irreconocible-768x513.jpg 768w, http:\/\/www.decyde.es\/wp-content\/uploads\/2023\/07\/primer-plano-manos-pasando-contrato-al-empresario-irreconocible-1536x1025.jpg 1536w, http:\/\/www.decyde.es\/wp-content\/uploads\/2023\/07\/primer-plano-manos-pasando-contrato-al-empresario-irreconocible-1500x1001.jpg 1500w, http:\/\/www.decyde.es\/wp-content\/uploads\/2023\/07\/primer-plano-manos-pasando-contrato-al-empresario-irreconocible-705x471.jpg 705w, http:\/\/www.decyde.es\/wp-content\/uploads\/2023\/07\/primer-plano-manos-pasando-contrato-al-empresario-irreconocible-450x300.jpg 450w, http:\/\/www.decyde.es\/wp-content\/uploads\/2023\/07\/primer-plano-manos-pasando-contrato-al-empresario-irreconocible.jpg 2000w\" sizes=\"(max-width: 1030px) 100vw, 1030px\" \/><br \/>\n\t\t\t\t\t\t\t\t\t\t\t\t\t\t\t<img decoding=\"async\" width=\"2000\" height=\"1335\" src=\"http:\/\/www.decyde.es\/wp-content\/uploads\/2023\/07\/proceso-trabajo-equipo-empresarios-discutiendo-cuadros-graficos-que-muestran-resultados-su-cooperacion-exitosa.jpg\" alt=\"\" loading=\"lazy\" srcset=\"http:\/\/www.decyde.es\/wp-content\/uploads\/2023\/07\/proceso-trabajo-equipo-empresarios-discutiendo-cuadros-graficos-que-muestran-resultados-su-cooperacion-exitosa.jpg 2000w, http:\/\/www.decyde.es\/wp-content\/uploads\/2023\/07\/proceso-trabajo-equipo-empresarios-discutiendo-cuadros-graficos-que-muestran-resultados-su-cooperacion-exitosa-300x200.jpg 300w, http:\/\/www.decyde.es\/wp-content\/uploads\/2023\/07\/proceso-trabajo-equipo-empresarios-discutiendo-cuadros-graficos-que-muestran-resultados-su-cooperacion-exitosa-1030x688.jpg 1030w, http:\/\/www.decyde.es\/wp-content\/uploads\/2023\/07\/proceso-trabajo-equipo-empresarios-discutiendo-cuadros-graficos-que-muestran-resultados-su-cooperacion-exitosa-768x513.jpg 768w, http:\/\/www.decyde.es\/wp-content\/uploads\/2023\/07\/proceso-trabajo-equipo-empresarios-discutiendo-cuadros-graficos-que-muestran-resultados-su-cooperacion-exitosa-1536x1025.jpg 1536w, http:\/\/www.decyde.es\/wp-content\/uploads\/2023\/07\/proceso-trabajo-equipo-empresarios-discutiendo-cuadros-graficos-que-muestran-resultados-su-cooperacion-exitosa-1500x1001.jpg 1500w, http:\/\/www.decyde.es\/wp-content\/uploads\/2023\/07\/proceso-trabajo-equipo-empresarios-discutiendo-cuadros-graficos-que-muestran-resultados-su-cooperacion-exitosa-705x471.jpg 705w, http:\/\/www.decyde.es\/wp-content\/uploads\/2023\/07\/proceso-trabajo-equipo-empresarios-discutiendo-cuadros-graficos-que-muestran-resultados-su-cooperacion-exitosa-450x300.jpg 450w\" sizes=\"(max-width: 2000px) 100vw, 2000px\" \/>\t\t\t\t\t\t\t\t\t\t\t\t\t\t\t<\/p>\n<h2>Cumplimiento Normativo y Responsabilidad Corporativa:<\/h2>\n<ul>\n<li style=\"font-weight: 400;\" aria-level=\"1\">\n<ul>\n<li style=\"font-weight: 400;\" aria-level=\"2\">Asesoramiento en el cumplimiento de normativas y regulaciones empresariales.<\/li>\n<li style=\"font-weight: 400;\" aria-level=\"2\">Implementaci\u00f3n de pol\u00edticas de responsabilidad corporativa y \u00e9tica empresarial.<\/li>\n<li style=\"font-weight: 400;\" aria-level=\"2\">Prevenci\u00f3n de contingencias legales y minimizaci\u00f3n de riesgos legales.<\/li>\n<\/ul>\n<\/li>\n<\/ul>","protected":false},"excerpt":{"rendered":"<p>Servicios Jur\u00eddicos En VIA ASESORES, sabemos lo importante que es contar con un respaldo legal s\u00f3lido para proteger los intereses de tu negocio. Nuestro equipo de expertos en asesor\u00eda jur\u00eddica est\u00e1 comprometido a brindarte el apoyo necesario para enfrentar cualquier desaf\u00edo legal que pueda surgir en el \u00e1mbito empresarial. Garantizamos una asesor\u00eda jur\u00eddica integral y [&hellip;]<\/p>","protected":false},"author":1,"featured_media":0,"parent":0,"menu_order":0,"comment_status":"closed","ping_status":"closed","template":"elementor_header_footer","meta":[],"_links":{"self":[{"href":"http:\/\/www.decyde.es\/en\/wp-json\/wp\/v2\/pages\/3614"}],"collection":[{"href":"http:\/\/www.decyde.es\/en\/wp-json\/wp\/v2\/pages"}],"about":[{"href":"http:\/\/www.decyde.es\/en\/wp-json\/wp\/v2\/types\/page"}],"author":[{"embeddable":true,"href":"http:\/\/www.decyde.es\/en\/wp-json\/wp\/v2\/users\/1"}],"replies":[{"embeddable":true,"href":"http:\/\/www.decyde.es\/en\/wp-json\/wp\/v2\/comments?post=3614"}],"version-history":[{"count":12,"href":"http:\/\/www.decyde.es\/en\/wp-json\/wp\/v2\/pages\/3614\/revisions"}],"predecessor-version":[{"id":3711,"href":"http:\/\/www.decyde.es\/en\/wp-json\/wp\/v2\/pages\/3614\/revisions\/3711"}],"wp:attachment":[{"href":"http:\/\/www.decyde.es\/en\/wp-json\/wp\/v2\/media?parent=3614"}],"curies":[{"name":"wp","href":"https:\/\/api.w.org\/{rel}","templated":true}]}}