{"id":3631,"date":"2023-07-28T12:49:29","date_gmt":"2023-07-28T12:49:29","guid":{"rendered":"http:\/\/www.decyde.es\/?page_id=3631"},"modified":"2023-07-31T08:58:14","modified_gmt":"2023-07-31T08:58:14","slug":"comunicacion","status":"publish","type":"page","link":"http:\/\/www.decyde.es\/en\/comunicacion\/","title":{"rendered":"Comunicaci\u00f3n"},"content":{"rendered":"<style>\/*! elementor - v3.14.0 - 26-06-2023 *\/\n.elementor-heading-title{padding:0;margin:0;line-height:1}.elementor-widget-heading .elementor-heading-title[class*=elementor-size-]>a{color:inherit;font-size:inherit;line-height:inherit}.elementor-widget-heading .elementor-heading-title.elementor-size-small{font-size:15px}.elementor-widget-heading .elementor-heading-title.elementor-size-medium{font-size:19px}.elementor-widget-heading .elementor-heading-title.elementor-size-large{font-size:29px}.elementor-widget-heading .elementor-heading-title.elementor-size-xl{font-size:39px}.elementor-widget-heading .elementor-heading-title.elementor-size-xxl{font-size:59px}<\/style>\n<h2>Comunicaci\u00f3n<\/h2>\n<p>En VIA ASESORES, comprendemos la importancia de una comunicaci\u00f3n efectiva para alcanzar tus objetivos empresariales. Nuestro equipo de expertos en comunicaci\u00f3n est\u00e1 comprometido a brindarte estrategias que te permitan conectar con tu audiencia de manera relevante y generar impacto positivo en el mercado. Garantizamos que tu mensaje sea claro, persuasivo y alineado con la identidad de tu marca. Con nuestra asesor\u00eda en comunicaci\u00f3n, podr\u00e1s potenciar tu presencia y reputaci\u00f3n, posicionando tu negocio como una referencia en su sector.<br \/>Nuestros Servicios de Comunicaci\u00f3n:<\/p>\n<h2>Plan de Comunicaci\u00f3n Integral:<\/h2>\n<ul>\n<li style=\"font-weight: 400;\" aria-level=\"1\">\n<ul>\n<li style=\"font-weight: 400;\" aria-level=\"2\">Desarrollo de un plan estrat\u00e9gico de comunicaci\u00f3n adaptado a tus objetivos y audiencia.<\/li>\n<li style=\"font-weight: 400;\" aria-level=\"2\">Definici\u00f3n de mensajes clave y t\u00e1cticas para transmitir tu propuesta de valor.<\/li>\n<li style=\"font-weight: 400;\" aria-level=\"2\">Identificaci\u00f3n de canales de comunicaci\u00f3n efectivos para llegar a tu p\u00fablico objetivo.<\/li>\n<\/ul>\n<\/li>\n<\/ul>\n<style>\/*! elementor - v3.14.0 - 26-06-2023 *\/\n.elementor-widget-image{text-align:center}.elementor-widget-image a{display:inline-block}.elementor-widget-image a img[src$=\".svg\"]{width:48px}.elementor-widget-image img{vertical-align:middle;display:inline-block}<\/style>\n<p>\t\t\t\t\t\t\t\t\t\t\t\t<img decoding=\"async\" width=\"1030\" height=\"686\" src=\"http:\/\/www.decyde.es\/wp-content\/uploads\/2023\/07\/mano-usando-computadora-portatil-pantalla-virtual-documento-aprobar-linea-concepto-gestion-erp-garantia-calidad-papel-1030x686.jpg\" alt=\"\" loading=\"lazy\" srcset=\"http:\/\/www.decyde.es\/wp-content\/uploads\/2023\/07\/mano-usando-computadora-portatil-pantalla-virtual-documento-aprobar-linea-concepto-gestion-erp-garantia-calidad-papel-1030x686.jpg 1030w, http:\/\/www.decyde.es\/wp-content\/uploads\/2023\/07\/mano-usando-computadora-portatil-pantalla-virtual-documento-aprobar-linea-concepto-gestion-erp-garantia-calidad-papel-300x200.jpg 300w, http:\/\/www.decyde.es\/wp-content\/uploads\/2023\/07\/mano-usando-computadora-portatil-pantalla-virtual-documento-aprobar-linea-concepto-gestion-erp-garantia-calidad-papel-768x512.jpg 768w, http:\/\/www.decyde.es\/wp-content\/uploads\/2023\/07\/mano-usando-computadora-portatil-pantalla-virtual-documento-aprobar-linea-concepto-gestion-erp-garantia-calidad-papel-1536x1024.jpg 1536w, http:\/\/www.decyde.es\/wp-content\/uploads\/2023\/07\/mano-usando-computadora-portatil-pantalla-virtual-documento-aprobar-linea-concepto-gestion-erp-garantia-calidad-papel-1500x1000.jpg 1500w, http:\/\/www.decyde.es\/wp-content\/uploads\/2023\/07\/mano-usando-computadora-portatil-pantalla-virtual-documento-aprobar-linea-concepto-gestion-erp-garantia-calidad-papel-705x470.jpg 705w, http:\/\/www.decyde.es\/wp-content\/uploads\/2023\/07\/mano-usando-computadora-portatil-pantalla-virtual-documento-aprobar-linea-concepto-gestion-erp-garantia-calidad-papel-450x300.jpg 450w, http:\/\/www.decyde.es\/wp-content\/uploads\/2023\/07\/mano-usando-computadora-portatil-pantalla-virtual-documento-aprobar-linea-concepto-gestion-erp-garantia-calidad-papel.jpg 2000w\" sizes=\"(max-width: 1030px) 100vw, 1030px\" \/><br \/>\n\t\t\t\t\t\t\t\t\t\t\t\t\t\t\t<img decoding=\"async\" width=\"1030\" height=\"686\" src=\"http:\/\/www.decyde.es\/wp-content\/uploads\/2023\/07\/dos-hombres-negocios-dandose-mano-1030x686.jpg\" alt=\"\" loading=\"lazy\" srcset=\"http:\/\/www.decyde.es\/wp-content\/uploads\/2023\/07\/dos-hombres-negocios-dandose-mano-1030x686.jpg 1030w, http:\/\/www.decyde.es\/wp-content\/uploads\/2023\/07\/dos-hombres-negocios-dandose-mano-300x200.jpg 300w, http:\/\/www.decyde.es\/wp-content\/uploads\/2023\/07\/dos-hombres-negocios-dandose-mano-768x512.jpg 768w, http:\/\/www.decyde.es\/wp-content\/uploads\/2023\/07\/dos-hombres-negocios-dandose-mano-1536x1024.jpg 1536w, http:\/\/www.decyde.es\/wp-content\/uploads\/2023\/07\/dos-hombres-negocios-dandose-mano-1500x1000.jpg 1500w, http:\/\/www.decyde.es\/wp-content\/uploads\/2023\/07\/dos-hombres-negocios-dandose-mano-705x470.jpg 705w, http:\/\/www.decyde.es\/wp-content\/uploads\/2023\/07\/dos-hombres-negocios-dandose-mano-450x300.jpg 450w, http:\/\/www.decyde.es\/wp-content\/uploads\/2023\/07\/dos-hombres-negocios-dandose-mano.jpg 2000w\" sizes=\"(max-width: 1030px) 100vw, 1030px\" \/>\t\t\t\t\t\t\t\t\t\t\t\t\t\t\t<\/p>\n<h2>Comunicaci\u00f3n Corporativa y Relaciones P\u00fablicas:<\/h2>\n<ul>\n<li style=\"font-weight: 400;\" aria-level=\"1\">\n<ul>\n<li style=\"font-weight: 400;\" aria-level=\"2\">Creaci\u00f3n de comunicados de prensa y notas informativas para dar a conocer tus logros y novedades.<\/li>\n<li style=\"font-weight: 400;\" aria-level=\"2\">Gesti\u00f3n de relaciones con medios de comunicaci\u00f3n y l\u00edderes de opini\u00f3n.<\/li>\n<li style=\"font-weight: 400;\" aria-level=\"2\">Estrategias para mantener una imagen positiva y transparente ante la opini\u00f3n p\u00fablica.<\/li>\n<\/ul>\n<\/li>\n<\/ul>\n<p>\t\t\t\t\t\t\t\t\t\t\t\t\t\t\t<img decoding=\"async\" width=\"2000\" height=\"1333\" src=\"http:\/\/www.decyde.es\/wp-content\/uploads\/2023\/07\/primer-plano-mano-analizando-grafico-aplicacion-instagram.jpg\" alt=\"\" loading=\"lazy\" srcset=\"http:\/\/www.decyde.es\/wp-content\/uploads\/2023\/07\/primer-plano-mano-analizando-grafico-aplicacion-instagram.jpg 2000w, http:\/\/www.decyde.es\/wp-content\/uploads\/2023\/07\/primer-plano-mano-analizando-grafico-aplicacion-instagram-300x200.jpg 300w, http:\/\/www.decyde.es\/wp-content\/uploads\/2023\/07\/primer-plano-mano-analizando-grafico-aplicacion-instagram-1030x686.jpg 1030w, http:\/\/www.decyde.es\/wp-content\/uploads\/2023\/07\/primer-plano-mano-analizando-grafico-aplicacion-instagram-768x512.jpg 768w, http:\/\/www.decyde.es\/wp-content\/uploads\/2023\/07\/primer-plano-mano-analizando-grafico-aplicacion-instagram-1536x1024.jpg 1536w, http:\/\/www.decyde.es\/wp-content\/uploads\/2023\/07\/primer-plano-mano-analizando-grafico-aplicacion-instagram-1500x1000.jpg 1500w, http:\/\/www.decyde.es\/wp-content\/uploads\/2023\/07\/primer-plano-mano-analizando-grafico-aplicacion-instagram-705x470.jpg 705w, http:\/\/www.decyde.es\/wp-content\/uploads\/2023\/07\/primer-plano-mano-analizando-grafico-aplicacion-instagram-450x300.jpg 450w\" sizes=\"(max-width: 2000px) 100vw, 2000px\" \/>\t\t\t\t\t\t\t\t\t\t\t\t\t\t\t<\/p>\n<h2>Comunicaci\u00f3n Digital y Redes Sociales:<\/h2>\n<ul>\n<li style=\"font-weight: 400;\" aria-level=\"1\">\n<ul>\n<li style=\"font-weight: 400;\" aria-level=\"2\">Gesti\u00f3n de redes sociales para aumentar tu visibilidad y construir una comunidad en l\u00ednea.<\/li>\n<li style=\"font-weight: 400;\" aria-level=\"2\">Creaci\u00f3n de contenido relevante y atractivo para tus seguidores y potenciales clientes.<\/li>\n<li style=\"font-weight: 400;\" aria-level=\"2\">Monitoreo y an\u00e1lisis de resultados para optimizar tu estrategia de comunicaci\u00f3n digital.<\/li>\n<\/ul>\n<\/li>\n<\/ul>\n<h2>Comunicaci\u00f3n Interna y Cultura Organizacional:<\/h2>\n<ul>\n<li style=\"font-weight: 400;\" aria-level=\"1\">\n<ul>\n<li style=\"font-weight: 400;\" aria-level=\"2\">Elaboraci\u00f3n de planes de comunicaci\u00f3n interna para mantener informados a tus colaboradores.<\/li>\n<li style=\"font-weight: 400;\" aria-level=\"2\">Estrategias para fomentar la participaci\u00f3n y el compromiso de los empleados.<\/li>\n<li style=\"font-weight: 400;\" aria-level=\"2\">Creaci\u00f3n de una cultura organizacional basada en valores y una comunicaci\u00f3n abierta.<\/li>\n<\/ul>\n<\/li>\n<\/ul>\n<p>\t\t\t\t\t\t\t\t\t\t\t\t\t\t\t<img decoding=\"async\" width=\"1030\" height=\"688\" src=\"http:\/\/www.decyde.es\/wp-content\/uploads\/2023\/07\/proceso-trabajo-equipo-empresarios-discutiendo-cuadros-graficos-que-muestran-resultados-su-cooperacion-exitosa-1030x688.jpg\" alt=\"\" loading=\"lazy\" srcset=\"http:\/\/www.decyde.es\/wp-content\/uploads\/2023\/07\/proceso-trabajo-equipo-empresarios-discutiendo-cuadros-graficos-que-muestran-resultados-su-cooperacion-exitosa-1030x688.jpg 1030w, http:\/\/www.decyde.es\/wp-content\/uploads\/2023\/07\/proceso-trabajo-equipo-empresarios-discutiendo-cuadros-graficos-que-muestran-resultados-su-cooperacion-exitosa-300x200.jpg 300w, http:\/\/www.decyde.es\/wp-content\/uploads\/2023\/07\/proceso-trabajo-equipo-empresarios-discutiendo-cuadros-graficos-que-muestran-resultados-su-cooperacion-exitosa-768x513.jpg 768w, http:\/\/www.decyde.es\/wp-content\/uploads\/2023\/07\/proceso-trabajo-equipo-empresarios-discutiendo-cuadros-graficos-que-muestran-resultados-su-cooperacion-exitosa-1536x1025.jpg 1536w, http:\/\/www.decyde.es\/wp-content\/uploads\/2023\/07\/proceso-trabajo-equipo-empresarios-discutiendo-cuadros-graficos-que-muestran-resultados-su-cooperacion-exitosa-1500x1001.jpg 1500w, http:\/\/www.decyde.es\/wp-content\/uploads\/2023\/07\/proceso-trabajo-equipo-empresarios-discutiendo-cuadros-graficos-que-muestran-resultados-su-cooperacion-exitosa-705x471.jpg 705w, http:\/\/www.decyde.es\/wp-content\/uploads\/2023\/07\/proceso-trabajo-equipo-empresarios-discutiendo-cuadros-graficos-que-muestran-resultados-su-cooperacion-exitosa-450x300.jpg 450w, http:\/\/www.decyde.es\/wp-content\/uploads\/2023\/07\/proceso-trabajo-equipo-empresarios-discutiendo-cuadros-graficos-que-muestran-resultados-su-cooperacion-exitosa.jpg 2000w\" sizes=\"(max-width: 1030px) 100vw, 1030px\" \/><br \/>\n\t\t\t\t\t\t\t\t\t\t\t\t\t\t\t<img decoding=\"async\" width=\"2000\" height=\"1125\" src=\"http:\/\/www.decyde.es\/wp-content\/uploads\/2023\/07\/sala-espera-monitores.jpg\" alt=\"\" loading=\"lazy\" srcset=\"http:\/\/www.decyde.es\/wp-content\/uploads\/2023\/07\/sala-espera-monitores.jpg 2000w, http:\/\/www.decyde.es\/wp-content\/uploads\/2023\/07\/sala-espera-monitores-300x169.jpg 300w, http:\/\/www.decyde.es\/wp-content\/uploads\/2023\/07\/sala-espera-monitores-1030x579.jpg 1030w, http:\/\/www.decyde.es\/wp-content\/uploads\/2023\/07\/sala-espera-monitores-768x432.jpg 768w, http:\/\/www.decyde.es\/wp-content\/uploads\/2023\/07\/sala-espera-monitores-1536x864.jpg 1536w, http:\/\/www.decyde.es\/wp-content\/uploads\/2023\/07\/sala-espera-monitores-1500x844.jpg 1500w, http:\/\/www.decyde.es\/wp-content\/uploads\/2023\/07\/sala-espera-monitores-705x397.jpg 705w, http:\/\/www.decyde.es\/wp-content\/uploads\/2023\/07\/sala-espera-monitores-450x253.jpg 450w\" sizes=\"(max-width: 2000px) 100vw, 2000px\" \/>\t\t\t\t\t\t\t\t\t\t\t\t\t\t\t<\/p>\n<h2>Eventos y Activaciones de Marca:<\/h2>\n<ul>\n<li style=\"font-weight: 400;\" aria-level=\"1\">\n<ul>\n<li style=\"font-weight: 400;\" aria-level=\"2\">Organizaci\u00f3n de eventos corporativos y promocionales para dar a conocer tu marca.<\/li>\n<li style=\"font-weight: 400;\" aria-level=\"2\">Planificaci\u00f3n de activaciones de marca para llegar a tu p\u00fablico de forma impactante.<\/li>\n<li style=\"font-weight: 400;\" aria-level=\"2\">Evaluaci\u00f3n del retorno de inversi\u00f3n de tus acciones de comunicaci\u00f3n y eventos.<\/li>\n<\/ul>\n<\/li>\n<\/ul>","protected":false},"excerpt":{"rendered":"<p>Comunicaci\u00f3n En VIA ASESORES, comprendemos la importancia de una comunicaci\u00f3n efectiva para alcanzar tus objetivos empresariales. Nuestro equipo de expertos en comunicaci\u00f3n est\u00e1 comprometido a brindarte estrategias que te permitan conectar con tu audiencia de manera relevante y generar impacto positivo en el mercado. Garantizamos que tu mensaje sea claro, persuasivo y alineado con la [&hellip;]<\/p>","protected":false},"author":1,"featured_media":0,"parent":0,"menu_order":0,"comment_status":"closed","ping_status":"closed","template":"elementor_header_footer","meta":[],"_links":{"self":[{"href":"http:\/\/www.decyde.es\/en\/wp-json\/wp\/v2\/pages\/3631"}],"collection":[{"href":"http:\/\/www.decyde.es\/en\/wp-json\/wp\/v2\/pages"}],"about":[{"href":"http:\/\/www.decyde.es\/en\/wp-json\/wp\/v2\/types\/page"}],"author":[{"embeddable":true,"href":"http:\/\/www.decyde.es\/en\/wp-json\/wp\/v2\/users\/1"}],"replies":[{"embeddable":true,"href":"http:\/\/www.decyde.es\/en\/wp-json\/wp\/v2\/comments?post=3631"}],"version-history":[{"count":12,"href":"http:\/\/www.decyde.es\/en\/wp-json\/wp\/v2\/pages\/3631\/revisions"}],"predecessor-version":[{"id":3724,"href":"http:\/\/www.decyde.es\/en\/wp-json\/wp\/v2\/pages\/3631\/revisions\/3724"}],"wp:attachment":[{"href":"http:\/\/www.decyde.es\/en\/wp-json\/wp\/v2\/media?parent=3631"}],"curies":[{"name":"wp","href":"https:\/\/api.w.org\/{rel}","templated":true}]}}