{"id":3484,"date":"2023-07-28T12:58:22","date_gmt":"2023-07-28T12:58:22","guid":{"rendered":"http:\/\/www.decyde.es\/?page_id=3484"},"modified":"2023-07-31T11:41:27","modified_gmt":"2023-07-31T11:41:27","slug":"inicio","status":"publish","type":"page","link":"https:\/\/www.decyde.es\/en\/","title":{"rendered":"Inicio"},"content":{"rendered":"<style>\/*! elementor - v3.14.0 - 26-06-2023 *\/\n.elementor-widget-image{text-align:center}.elementor-widget-image a{display:inline-block}.elementor-widget-image a img[src$=\".svg\"]{width:48px}.elementor-widget-image img{vertical-align:middle;display:inline-block}<\/style>\n<p>\t\t\t\t\t\t\t\t\t\t\t\t<img decoding=\"async\" width=\"755\" height=\"648\" src=\"http:\/\/www.decyde.es\/wp-content\/uploads\/2023\/07\/Decyde-logo-blanco.png\" alt=\"\" loading=\"lazy\" srcset=\"https:\/\/www.decyde.es\/wp-content\/uploads\/2023\/07\/Decyde-logo-blanco.png 755w, https:\/\/www.decyde.es\/wp-content\/uploads\/2023\/07\/Decyde-logo-blanco-300x257.png 300w, https:\/\/www.decyde.es\/wp-content\/uploads\/2023\/07\/Decyde-logo-blanco-705x605.png 705w, https:\/\/www.decyde.es\/wp-content\/uploads\/2023\/07\/Decyde-logo-blanco-450x386.png 450w\" sizes=\"(max-width: 755px) 100vw, 755px\" \/>\t\t\t\t\t\t\t\t\t\t\t\t\t\t\t<\/p>\n<style>\/*! elementor - v3.14.0 - 26-06-2023 *\/\n.elementor-heading-title{padding:0;margin:0;line-height:1}.elementor-widget-heading .elementor-heading-title[class*=elementor-size-]>a{color:inherit;font-size:inherit;line-height:inherit}.elementor-widget-heading .elementor-heading-title.elementor-size-small{font-size:15px}.elementor-widget-heading .elementor-heading-title.elementor-size-medium{font-size:19px}.elementor-widget-heading .elementor-heading-title.elementor-size-large{font-size:29px}.elementor-widget-heading .elementor-heading-title.elementor-size-xl{font-size:39px}.elementor-widget-heading .elementor-heading-title.elementor-size-xxl{font-size:59px}<\/style>\n<h2>V\u00eda Asesores<\/h2>\n<h2>Asesor\u00eda integral de Empresas<\/h2>\n<p>Decyde Asesores, al servicio del emprendedor y la microempresa. Nos adaptamos al cliente, tarifas asequibles y flexibles. Servicio especializado en entidades sin \u00e1nimo de lucro, Cultura y Deporte.<\/p>\n<style>\/*! elementor - v3.14.0 - 26-06-2023 *\/\nbody.elementor-page .elementor-widget-menu-anchor{margin-bottom:0}<\/style>\n<p>En VIA ASESORES encontrar\u00e1s asesoramiento y servicios que satisfacen las necesidades de tu empresa en fiscalidad, laboral, contabilidad, asesoramiento jur\u00eddico, identidad corporativa y comunicaci\u00f3n. Tambi\u00e9n te proporcionamos servicios accesorios como gesti\u00f3n de subvenciones, tramitaci\u00f3n de marcas y contrataci\u00f3n de seguros generales, entre otros.<\/p>\n<p>Fundada en junio del a\u00f1o 2000, V\u00eda Asesores recibi\u00f3 el 4\u00ba premio en el concurso de Iniciativas Empresariales del Ayuntamiento de Murcia por su enfoque innovador en el negocio de asesor\u00eda.<\/p>\n<p>Nuestro equipo est\u00e1 liderado por Fernando Jos\u00e9 Zaplana P\u00e9rez, con una dilatada experiencia profesional que se remonta a abril de 1994. Comenz\u00f3 su carrera en el despacho del abogado laboralista y actual Magistrado de lo Social, D. Jos\u00e9 Antonio Buend\u00eda Jim\u00e9nez.<\/p>\n<p>\t\t\t\t\t\t\t\t\t\t\t\t\t\t\t<img decoding=\"async\" width=\"1030\" height=\"745\" src=\"http:\/\/www.decyde.es\/wp-content\/uploads\/2020\/04\/Decyde_logo1_web-1030x745.jpg\" alt=\"\" loading=\"lazy\" srcset=\"https:\/\/www.decyde.es\/wp-content\/uploads\/2020\/04\/Decyde_logo1_web-1030x745.jpg 1030w, https:\/\/www.decyde.es\/wp-content\/uploads\/2020\/04\/Decyde_logo1_web-300x217.jpg 300w, https:\/\/www.decyde.es\/wp-content\/uploads\/2020\/04\/Decyde_logo1_web-768x556.jpg 768w, https:\/\/www.decyde.es\/wp-content\/uploads\/2020\/04\/Decyde_logo1_web-705x510.jpg 705w, https:\/\/www.decyde.es\/wp-content\/uploads\/2020\/04\/Decyde_logo1_web-450x326.jpg 450w, https:\/\/www.decyde.es\/wp-content\/uploads\/2020\/04\/Decyde_logo1_web.jpg 1230w\" sizes=\"(max-width: 1030px) 100vw, 1030px\" \/>\t\t\t\t\t\t\t\t\t\t\t\t\t\t\t<\/p>\n<p>Contamos con expertos y experimentados profesionales especializados en \u00e1reas como Laboral, Fiscal, Mercantil, Contable, Financiera y servicios jur\u00eddicos, trabajando conjuntamente con especialistas en Ingenier\u00eda, Inform\u00e1tica, Marketing, Comunicaci\u00f3n, Redes Sociales, Dise\u00f1o Web, Selecci\u00f3n de Personal, Seguros Generales, Gesti\u00f3n de Subvenciones y Tramitaci\u00f3n de Marcas, para brindar un servicio completo a nuestros clientes.<\/p>\n<p>En 2010, como spin-off de V\u00eda Asesores, naci\u00f3 FERNANDO ZAPLANA CONSULTING, con un enfoque especializado en el asesoramiento para el Tercer Sector. Ofrecemos servicios personalizados en fiscalidad, contabilidad y marco legal, adaptados a las peculiaridades de cada entidad. Adem\u00e1s, organizamos talleres, seminarios y ponencias sobre estos temas, y hemos publicado un manual t\u00e9cnico de Fiscalidad Deportiva.<\/p>\n<p>En VIA ASESORES, siempre buscamos la calidad en nuestros servicios y un trato directo con los clientes, para asegurarnos de su satisfacci\u00f3n en todo momento. Nuestro objetivo es \u00abCuidar Su Negocio,\u00bb adapt\u00e1ndonos a las necesidades de cada cliente en la medida de lo posible.<\/p>\n<h2>Servicios Principales<\/h2>\n<p>\t\t\t\t\t\t\t\t\t\t\t\t\t\t\t<img decoding=\"async\" width=\"512\" height=\"512\" src=\"http:\/\/www.decyde.es\/wp-content\/uploads\/2023\/07\/Diseno-sin-titulo-5.png\" alt=\"\" loading=\"lazy\" srcset=\"https:\/\/www.decyde.es\/wp-content\/uploads\/2023\/07\/Diseno-sin-titulo-5.png 512w, https:\/\/www.decyde.es\/wp-content\/uploads\/2023\/07\/Diseno-sin-titulo-5-300x300.png 300w, https:\/\/www.decyde.es\/wp-content\/uploads\/2023\/07\/Diseno-sin-titulo-5-80x80.png 80w, https:\/\/www.decyde.es\/wp-content\/uploads\/2023\/07\/Diseno-sin-titulo-5-36x36.png 36w, https:\/\/www.decyde.es\/wp-content\/uploads\/2023\/07\/Diseno-sin-titulo-5-180x180.png 180w, https:\/\/www.decyde.es\/wp-content\/uploads\/2023\/07\/Diseno-sin-titulo-5-120x120.png 120w, https:\/\/www.decyde.es\/wp-content\/uploads\/2023\/07\/Diseno-sin-titulo-5-450x450.png 450w\" sizes=\"(max-width: 512px) 100vw, 512px\" \/>\t\t\t\t\t\t\t\t\t\t\t\t\t\t\t<\/p>\n<h3>Fiscal<\/h3>\n<p>\u00a1No te preocupes por los impuestos! Garantizamos el cumplimiento de tus obligaciones tributarias optimizando tu carga impositiva con estrategias personalizadas para tu empresa.<\/p>\n<p>\t\t\t<a href=\"https:\/\/www.decyde.es\/en\/fiscal\/\"><br \/>\n\t\t\t\t\t\tSaber M\u00e1s<br \/>\n\t\t\t\t\t<\/a><br \/>\n\t\t\t\t\t\t\t\t\t\t\t\t\t\t\t<img decoding=\"async\" width=\"512\" height=\"512\" src=\"http:\/\/www.decyde.es\/wp-content\/uploads\/2023\/07\/Diseno-sin-titulo-3.png\" alt=\"\" loading=\"lazy\" srcset=\"https:\/\/www.decyde.es\/wp-content\/uploads\/2023\/07\/Diseno-sin-titulo-3.png 512w, https:\/\/www.decyde.es\/wp-content\/uploads\/2023\/07\/Diseno-sin-titulo-3-300x300.png 300w, https:\/\/www.decyde.es\/wp-content\/uploads\/2023\/07\/Diseno-sin-titulo-3-80x80.png 80w, https:\/\/www.decyde.es\/wp-content\/uploads\/2023\/07\/Diseno-sin-titulo-3-36x36.png 36w, https:\/\/www.decyde.es\/wp-content\/uploads\/2023\/07\/Diseno-sin-titulo-3-180x180.png 180w, https:\/\/www.decyde.es\/wp-content\/uploads\/2023\/07\/Diseno-sin-titulo-3-120x120.png 120w, https:\/\/www.decyde.es\/wp-content\/uploads\/2023\/07\/Diseno-sin-titulo-3-450x450.png 450w\" sizes=\"(max-width: 512px) 100vw, 512px\" \/>\t\t\t\t\t\t\t\t\t\t\t\t\t\t\t<\/p>\n<h2>Contable<\/h2>\n<p>Deja tus finanzas en manos expertas. Llevamos registros precisos y generamos informes financieros para una gesti\u00f3n eficiente y rentable, y te preparamos los libros oficiales para su presentaci\u00f3n.<\/p>\n<p>\t\t\t<a href=\"https:\/\/www.decyde.es\/en\/contable\/\"><br \/>\n\t\t\t\t\t\tSaber M\u00e1s<br \/>\n\t\t\t\t\t<\/a><br \/>\n\t\t\t\t\t\t\t\t\t\t\t\t\t\t\t<img decoding=\"async\" width=\"512\" height=\"512\" src=\"http:\/\/www.decyde.es\/wp-content\/uploads\/2023\/07\/Diseno-sin-titulo-4.png\" alt=\"\" loading=\"lazy\" srcset=\"https:\/\/www.decyde.es\/wp-content\/uploads\/2023\/07\/Diseno-sin-titulo-4.png 512w, https:\/\/www.decyde.es\/wp-content\/uploads\/2023\/07\/Diseno-sin-titulo-4-300x300.png 300w, https:\/\/www.decyde.es\/wp-content\/uploads\/2023\/07\/Diseno-sin-titulo-4-80x80.png 80w, https:\/\/www.decyde.es\/wp-content\/uploads\/2023\/07\/Diseno-sin-titulo-4-36x36.png 36w, https:\/\/www.decyde.es\/wp-content\/uploads\/2023\/07\/Diseno-sin-titulo-4-180x180.png 180w, https:\/\/www.decyde.es\/wp-content\/uploads\/2023\/07\/Diseno-sin-titulo-4-120x120.png 120w, https:\/\/www.decyde.es\/wp-content\/uploads\/2023\/07\/Diseno-sin-titulo-4-450x450.png 450w\" sizes=\"(max-width: 512px) 100vw, 512px\" \/>\t\t\t\t\t\t\t\t\t\t\t\t\t\t\t<\/p>\n<h2>Laboral<\/h2>\n<p>Deja los tr\u00e1mites laborales y resoluci\u00f3n de asuntos complejos en nuestras manos. Garantizamos el cumplimiento normativo y te asistimos en la gesti\u00f3n de recursos humanos, protegiendo tus intereses.<\/p>\n<p>\t\t\t<a href=\"https:\/\/www.decyde.es\/en\/laboral\/\"><br \/>\n\t\t\t\t\t\tSaber M\u00e1s<br \/>\n\t\t\t\t\t<\/a><br \/>\n\t\t\t\t\t\t\t\t\t\t\t\t\t\t\t<img decoding=\"async\" width=\"512\" height=\"512\" src=\"http:\/\/www.decyde.es\/wp-content\/uploads\/2023\/07\/Diseno-sin-titulo-2.png\" alt=\"\" loading=\"lazy\" srcset=\"https:\/\/www.decyde.es\/wp-content\/uploads\/2023\/07\/Diseno-sin-titulo-2.png 512w, https:\/\/www.decyde.es\/wp-content\/uploads\/2023\/07\/Diseno-sin-titulo-2-300x300.png 300w, https:\/\/www.decyde.es\/wp-content\/uploads\/2023\/07\/Diseno-sin-titulo-2-80x80.png 80w, https:\/\/www.decyde.es\/wp-content\/uploads\/2023\/07\/Diseno-sin-titulo-2-36x36.png 36w, https:\/\/www.decyde.es\/wp-content\/uploads\/2023\/07\/Diseno-sin-titulo-2-180x180.png 180w, https:\/\/www.decyde.es\/wp-content\/uploads\/2023\/07\/Diseno-sin-titulo-2-120x120.png 120w, https:\/\/www.decyde.es\/wp-content\/uploads\/2023\/07\/Diseno-sin-titulo-2-450x450.png 450w\" sizes=\"(max-width: 512px) 100vw, 512px\" \/>\t\t\t\t\t\t\t\t\t\t\t\t\t\t\t<\/p>\n<h2>Juridico<\/h2>\n<p>Protege tu negocio con respaldo legal integral. Nuestros abogados expertos te asesoran en todas las \u00e1reas jur\u00eddicas relevantes, garantizando la seguridad de tus derechos y los de tu empresa.<\/p>\n<p>\t\t\t<a href=\"https:\/\/www.decyde.es\/en\/juridico\/\"><br \/>\n\t\t\t\t\t\tSaber M\u00e1s<br \/>\n\t\t\t\t\t<\/a><\/p>\n<h2>Otros Servicios<\/h2>\n<h2>Identidad Corporativa<\/h2>\n<p>Potencia tu identidad y difer\u00e9nciate de tu competencia con una marca corporativa s\u00f3lida. Nuestro equipo te asesora en su desarrollo para reflejar la esencia de tu negocio.<\/p>\n<p>\t\t\t<a href=\"https:\/\/www.decyde.es\/en\/identidad-corporativa\/\"><br \/>\n\t\t\t\t\t\tSaber M\u00e1s<br \/>\n\t\t\t\t\t<\/a><\/p>\n<h2>Comunicaci\u00f3n<\/h2>\n<p>Difer\u00e9nciate con una comunicaci\u00f3n estrat\u00e9gica. Nuestros expertos en comunicaci\u00f3n te ayudan a destacar y generar impacto positivo, transmitiendo tu mensaje de manera clara y atractiva.<\/p>\n<p>\t\t\t<a href=\"https:\/\/www.decyde.es\/en\/comunicacion\/\"><br \/>\n\t\t\t\t\t\tSaber M\u00e1s<br \/>\n\t\t\t\t\t<\/a><\/p>\n<h2>Subvenciones<\/h2>\n<p>Te simplificamos el camino hacia las subvenciones. Nuestros expertos te ayudan a identificar y obtener oportunidades de financiamiento, y te facilitan la tramitaci\u00f3n de solicitudes.<\/p>\n<p>\t\t\t<a href=\"https:\/\/www.decyde.es\/en\/subvenciones\/\"><br \/>\n\t\t\t\t\t\tSaber M\u00e1s<br \/>\n\t\t\t\t\t<\/a><\/p>\n<h2>Seguros<\/h2>\n<p>Conf\u00eda en nosotros para asegurar tu negocio. Nuestro equipo te guiar\u00e1 en la elecci\u00f3n de seguros para mitigar riesgos y proteger tus activos y cubrir tus responsabilidades frente a terceros.<\/p>\n<p>\t\t\t<a href=\"https:\/\/www.decyde.es\/en\/seguros\/\"><br \/>\n\t\t\t\t\t\tSaber M\u00e1s<br \/>\n\t\t\t\t\t<\/a><br \/>\n\t\t\t\t\t\t\t\t\t\t\t\t\t\t\t<img decoding=\"async\" width=\"1024\" height=\"118\" src=\"http:\/\/www.decyde.es\/wp-content\/uploads\/2023\/07\/logotipos-kitDigital-1024x118-1-1-1.gif\" alt=\"\" loading=\"lazy\" \/><\/p>","protected":false},"excerpt":{"rendered":"<p>V\u00eda Asesores Asesor\u00eda integral de Empresas Decyde Asesores, al servicio del emprendedor y la microempresa. Nos adaptamos al cliente, tarifas asequibles y flexibles. Servicio especializado en entidades sin \u00e1nimo de lucro, Cultura y Deporte. En VIA ASESORES encontrar\u00e1s asesoramiento y servicios que satisfacen las necesidades de tu empresa en fiscalidad, laboral, contabilidad, asesoramiento jur\u00eddico, identidad [&hellip;]<\/p>","protected":false},"author":1,"featured_media":0,"parent":0,"menu_order":0,"comment_status":"closed","ping_status":"closed","template":"elementor_header_footer","meta":[],"_links":{"self":[{"href":"https:\/\/www.decyde.es\/en\/wp-json\/wp\/v2\/pages\/3484"}],"collection":[{"href":"https:\/\/www.decyde.es\/en\/wp-json\/wp\/v2\/pages"}],"about":[{"href":"https:\/\/www.decyde.es\/en\/wp-json\/wp\/v2\/types\/page"}],"author":[{"embeddable":true,"href":"https:\/\/www.decyde.es\/en\/wp-json\/wp\/v2\/users\/1"}],"replies":[{"embeddable":true,"href":"https:\/\/www.decyde.es\/en\/wp-json\/wp\/v2\/comments?post=3484"}],"version-history":[{"count":104,"href":"https:\/\/www.decyde.es\/en\/wp-json\/wp\/v2\/pages\/3484\/revisions"}],"predecessor-version":[{"id":3842,"href":"https:\/\/www.decyde.es\/en\/wp-json\/wp\/v2\/pages\/3484\/revisions\/3842"}],"wp:attachment":[{"href":"https:\/\/www.decyde.es\/en\/wp-json\/wp\/v2\/media?parent=3484"}],"curies":[{"name":"wp","href":"https:\/\/api.w.org\/{rel}","templated":true}]}}