{"id":3594,"date":"2023-07-28T12:31:53","date_gmt":"2023-07-28T12:31:53","guid":{"rendered":"http:\/\/www.decyde.es\/?page_id=3594"},"modified":"2023-07-31T08:32:36","modified_gmt":"2023-07-31T08:32:36","slug":"contable","status":"publish","type":"page","link":"https:\/\/www.decyde.es\/en\/contable\/","title":{"rendered":"Contable"},"content":{"rendered":"<style>\/*! elementor - v3.14.0 - 26-06-2023 *\/\n.elementor-heading-title{padding:0;margin:0;line-height:1}.elementor-widget-heading .elementor-heading-title[class*=elementor-size-]>a{color:inherit;font-size:inherit;line-height:inherit}.elementor-widget-heading .elementor-heading-title.elementor-size-small{font-size:15px}.elementor-widget-heading .elementor-heading-title.elementor-size-medium{font-size:19px}.elementor-widget-heading .elementor-heading-title.elementor-size-large{font-size:29px}.elementor-widget-heading .elementor-heading-title.elementor-size-xl{font-size:39px}.elementor-widget-heading .elementor-heading-title.elementor-size-xxl{font-size:59px}<\/style>\n<h2>Servicios Contables<\/h2>\n<p>Conf\u00eda en VIA ASESORES para recibir una asesor\u00eda contable integral y confiable. Nuestro compromiso es brindarte el apoyo necesario para que puedas tomar decisiones financieras informadas y potenciar el crecimiento de tu negocio. No dejes tus finanzas al azar, \u00a1cont\u00e1ctanos hoy mismo y comienza a maximizar el potencial de tu empresa!<\/p>\n<h2>Llevanza de Contabilidad:<\/h2>\n<ul>\n<li style=\"font-weight: 400;\" aria-level=\"1\">\n<p>Nuestro equipo de contadores altamente capacitados se encargar\u00e1 de llevar una contabilidad precisa y actualizada para tu empresa. Registraremos todas las transacciones financieras de manera meticulosa y en cumplimiento de las normativas vigentes. Con nuestra asesor\u00eda, tendr\u00e1s la tranquilidad de que tus datos financieros est\u00e1n en manos seguras.<\/p>\n<ul>\n<li style=\"font-weight: 400;\" aria-level=\"1\">Registro y clasificaci\u00f3n de transacciones financieras.<\/li>\n<li style=\"font-weight: 400;\" aria-level=\"1\">Conciliaci\u00f3n bancaria y control de cuentas.<\/li>\n<li style=\"font-weight: 400;\" aria-level=\"1\">Elaboraci\u00f3n de libros contables y auxiliares.<\/li>\n<\/ul>\n<\/li>\n<\/ul>\n<style>\/*! elementor - v3.14.0 - 26-06-2023 *\/\n.elementor-widget-image{text-align:center}.elementor-widget-image a{display:inline-block}.elementor-widget-image a img[src$=\".svg\"]{width:48px}.elementor-widget-image img{vertical-align:middle;display:inline-block}<\/style>\n<p>\t\t\t\t\t\t\t\t\t\t\t\t<img decoding=\"async\" width=\"1030\" height=\"688\" src=\"http:\/\/www.decyde.es\/wp-content\/uploads\/2023\/07\/proceso-trabajo-equipo-empresarios-discutiendo-cuadros-graficos-que-muestran-resultados-su-cooperacion-exitosa-1030x688.jpg\" alt=\"\" loading=\"lazy\" srcset=\"http:\/\/www.decyde.es\/wp-content\/uploads\/2023\/07\/proceso-trabajo-equipo-empresarios-discutiendo-cuadros-graficos-que-muestran-resultados-su-cooperacion-exitosa-1030x688.jpg 1030w, http:\/\/www.decyde.es\/wp-content\/uploads\/2023\/07\/proceso-trabajo-equipo-empresarios-discutiendo-cuadros-graficos-que-muestran-resultados-su-cooperacion-exitosa-300x200.jpg 300w, http:\/\/www.decyde.es\/wp-content\/uploads\/2023\/07\/proceso-trabajo-equipo-empresarios-discutiendo-cuadros-graficos-que-muestran-resultados-su-cooperacion-exitosa-768x513.jpg 768w, http:\/\/www.decyde.es\/wp-content\/uploads\/2023\/07\/proceso-trabajo-equipo-empresarios-discutiendo-cuadros-graficos-que-muestran-resultados-su-cooperacion-exitosa-1536x1025.jpg 1536w, http:\/\/www.decyde.es\/wp-content\/uploads\/2023\/07\/proceso-trabajo-equipo-empresarios-discutiendo-cuadros-graficos-que-muestran-resultados-su-cooperacion-exitosa-1500x1001.jpg 1500w, http:\/\/www.decyde.es\/wp-content\/uploads\/2023\/07\/proceso-trabajo-equipo-empresarios-discutiendo-cuadros-graficos-que-muestran-resultados-su-cooperacion-exitosa-705x471.jpg 705w, http:\/\/www.decyde.es\/wp-content\/uploads\/2023\/07\/proceso-trabajo-equipo-empresarios-discutiendo-cuadros-graficos-que-muestran-resultados-su-cooperacion-exitosa-450x300.jpg 450w, http:\/\/www.decyde.es\/wp-content\/uploads\/2023\/07\/proceso-trabajo-equipo-empresarios-discutiendo-cuadros-graficos-que-muestran-resultados-su-cooperacion-exitosa.jpg 2000w\" sizes=\"(max-width: 1030px) 100vw, 1030px\" \/><br \/>\n\t\t\t\t\t\t\t\t\t\t\t\t\t\t\t<img decoding=\"async\" width=\"1030\" height=\"688\" src=\"http:\/\/www.decyde.es\/wp-content\/uploads\/2023\/07\/primer-plano-manos-pasando-contrato-al-empresario-irreconocible-1030x688.jpg\" alt=\"\" loading=\"lazy\" srcset=\"http:\/\/www.decyde.es\/wp-content\/uploads\/2023\/07\/primer-plano-manos-pasando-contrato-al-empresario-irreconocible-1030x688.jpg 1030w, http:\/\/www.decyde.es\/wp-content\/uploads\/2023\/07\/primer-plano-manos-pasando-contrato-al-empresario-irreconocible-300x200.jpg 300w, http:\/\/www.decyde.es\/wp-content\/uploads\/2023\/07\/primer-plano-manos-pasando-contrato-al-empresario-irreconocible-768x513.jpg 768w, http:\/\/www.decyde.es\/wp-content\/uploads\/2023\/07\/primer-plano-manos-pasando-contrato-al-empresario-irreconocible-1536x1025.jpg 1536w, http:\/\/www.decyde.es\/wp-content\/uploads\/2023\/07\/primer-plano-manos-pasando-contrato-al-empresario-irreconocible-1500x1001.jpg 1500w, http:\/\/www.decyde.es\/wp-content\/uploads\/2023\/07\/primer-plano-manos-pasando-contrato-al-empresario-irreconocible-705x471.jpg 705w, http:\/\/www.decyde.es\/wp-content\/uploads\/2023\/07\/primer-plano-manos-pasando-contrato-al-empresario-irreconocible-450x300.jpg 450w, http:\/\/www.decyde.es\/wp-content\/uploads\/2023\/07\/primer-plano-manos-pasando-contrato-al-empresario-irreconocible.jpg 2000w\" sizes=\"(max-width: 1030px) 100vw, 1030px\" \/>\t\t\t\t\t\t\t\t\t\t\t\t\t\t\t<\/p>\n<h2>Informes Financieros Personalizados:<br \/>\n<\/h2>\n<ul>\n<li style=\"font-weight: 400;\" aria-level=\"1\">\n<p>Te proporcionamos informes financieros detallados y adaptados a tus necesidades espec\u00edficas. Estos informes te permitir\u00e1n tener una visi\u00f3n clara de la salud financiera de tu negocio, facilitando la toma de decisiones estrat\u00e9gicas y la identificaci\u00f3n de \u00e1reas de mejora.<\/p>\n<ul>\n<li style=\"font-weight: 400;\" aria-level=\"1\">Elaboraci\u00f3n de estados financieros (balance, cuenta de resultados, flujos de efectivo).<\/li>\n<li style=\"font-weight: 400;\" aria-level=\"1\">An\u00e1lisis financiero para identificar \u00e1reas de mejora.<\/li>\n<li style=\"font-weight: 400;\" aria-level=\"1\">Informes adaptados a las necesidades de la direcci\u00f3n y los accionistas.<\/li>\n<\/ul>\n<\/li>\n<\/ul>\n<p>\t\t\t\t\t\t\t\t\t\t\t\t\t\t\t<img decoding=\"async\" width=\"2000\" height=\"1333\" src=\"http:\/\/www.decyde.es\/wp-content\/uploads\/2023\/07\/hombres-negocios-sentados-escritorio-abogados-personas-que-firman-documentos-importantes.jpg\" alt=\"\" loading=\"lazy\" srcset=\"http:\/\/www.decyde.es\/wp-content\/uploads\/2023\/07\/hombres-negocios-sentados-escritorio-abogados-personas-que-firman-documentos-importantes.jpg 2000w, http:\/\/www.decyde.es\/wp-content\/uploads\/2023\/07\/hombres-negocios-sentados-escritorio-abogados-personas-que-firman-documentos-importantes-300x200.jpg 300w, http:\/\/www.decyde.es\/wp-content\/uploads\/2023\/07\/hombres-negocios-sentados-escritorio-abogados-personas-que-firman-documentos-importantes-1030x686.jpg 1030w, http:\/\/www.decyde.es\/wp-content\/uploads\/2023\/07\/hombres-negocios-sentados-escritorio-abogados-personas-que-firman-documentos-importantes-768x512.jpg 768w, http:\/\/www.decyde.es\/wp-content\/uploads\/2023\/07\/hombres-negocios-sentados-escritorio-abogados-personas-que-firman-documentos-importantes-1536x1024.jpg 1536w, http:\/\/www.decyde.es\/wp-content\/uploads\/2023\/07\/hombres-negocios-sentados-escritorio-abogados-personas-que-firman-documentos-importantes-1500x1000.jpg 1500w, http:\/\/www.decyde.es\/wp-content\/uploads\/2023\/07\/hombres-negocios-sentados-escritorio-abogados-personas-que-firman-documentos-importantes-705x470.jpg 705w, http:\/\/www.decyde.es\/wp-content\/uploads\/2023\/07\/hombres-negocios-sentados-escritorio-abogados-personas-que-firman-documentos-importantes-450x300.jpg 450w\" sizes=\"(max-width: 2000px) 100vw, 2000px\" \/>\t\t\t\t\t\t\t\t\t\t\t\t\t\t\t<\/p>\n<h2>Elaboraci\u00f3n de Estados Contables:<br \/>\n<\/h2>\n<ul>\n<li style=\"font-weight: 400;\" aria-level=\"1\">\n<p>Nos encargamos de la elaboraci\u00f3n de los estados contables, como el balance general, la cuenta de resultados y el estado de flujos de efectivo, presentando una imagen fiel de la situaci\u00f3n financiera de tu empresa. Estos informes son fundamentales para cumplir con tus obligaciones fiscales y para proporcionar transparencia a tus socios y accionistas.<\/p>\n<ul>\n<li style=\"font-weight: 400;\" aria-level=\"1\">Balance general: presentaci\u00f3n del patrimonio y situaci\u00f3n financiera.<\/li>\n<li style=\"font-weight: 400;\" aria-level=\"1\">Cuenta de resultados: registro de ingresos y gastos.<\/li>\n<li style=\"font-weight: 400;\" aria-level=\"1\">Estado de flujos de efectivo: seguimiento de los flujos monetarios.<\/li>\n<\/ul>\n<\/li>\n<\/ul>\n<h2>Preparaci\u00f3n y Presentaci\u00f3n de Libros Oficiales:<br \/>\n<\/h2>\n<ul>\n<li style=\"font-weight: 400;\" aria-level=\"1\">\n<p>Nuestros expertos se encargan de la preparaci\u00f3n de los libros oficiales requeridos por la legislaci\u00f3n vigente, como el Libro Diario, el Libro Mayor y el Libro de Inventarios y Cuentas Anuales. Adem\u00e1s, gestionamos su presentaci\u00f3n ante los organismos correspondientes, asegurando un cumplimiento normativo riguroso.<\/p>\n<ul>\n<li style=\"font-weight: 400;\" aria-level=\"1\">Libro Diario: registro cronol\u00f3gico de operaciones.<\/li>\n<li style=\"font-weight: 400;\" aria-level=\"1\">Libro Mayor: agrupaci\u00f3n de cuentas contables.<\/li>\n<li style=\"font-weight: 400;\" aria-level=\"1\">Libro de Inventarios y Cuentas Anuales: situaci\u00f3n de la empresa al cierre del ejercicio.<\/li>\n<\/ul>\n<\/li>\n<\/ul>\n<p>\t\t\t\t\t\t\t\t\t\t\t\t\t\t\t<img decoding=\"async\" width=\"699\" height=\"496\" src=\"http:\/\/www.decyde.es\/wp-content\/uploads\/2023\/07\/libros-oficiales.jpg\" alt=\"\" loading=\"lazy\" srcset=\"http:\/\/www.decyde.es\/wp-content\/uploads\/2023\/07\/libros-oficiales.jpg 699w, http:\/\/www.decyde.es\/wp-content\/uploads\/2023\/07\/libros-oficiales-300x213.jpg 300w, http:\/\/www.decyde.es\/wp-content\/uploads\/2023\/07\/libros-oficiales-260x185.jpg 260w, http:\/\/www.decyde.es\/wp-content\/uploads\/2023\/07\/libros-oficiales-450x319.jpg 450w\" sizes=\"(max-width: 699px) 100vw, 699px\" \/><br \/>\n\t\t\t\t\t\t\t\t\t\t\t\t\t\t\t<img decoding=\"async\" width=\"2000\" height=\"1333\" src=\"http:\/\/www.decyde.es\/wp-content\/uploads\/2023\/07\/hombre-negocios-financiero-inspector-secretaria-haciendo-informe-calculo-o-comprobacion-balance-inspector-servicio-rentas-internas-revisando-documento-concepto-auditoria.jpg\" alt=\"\" loading=\"lazy\" srcset=\"http:\/\/www.decyde.es\/wp-content\/uploads\/2023\/07\/hombre-negocios-financiero-inspector-secretaria-haciendo-informe-calculo-o-comprobacion-balance-inspector-servicio-rentas-internas-revisando-documento-concepto-auditoria.jpg 2000w, http:\/\/www.decyde.es\/wp-content\/uploads\/2023\/07\/hombre-negocios-financiero-inspector-secretaria-haciendo-informe-calculo-o-comprobacion-balance-inspector-servicio-rentas-internas-revisando-documento-concepto-auditoria-300x200.jpg 300w, http:\/\/www.decyde.es\/wp-content\/uploads\/2023\/07\/hombre-negocios-financiero-inspector-secretaria-haciendo-informe-calculo-o-comprobacion-balance-inspector-servicio-rentas-internas-revisando-documento-concepto-auditoria-1030x686.jpg 1030w, http:\/\/www.decyde.es\/wp-content\/uploads\/2023\/07\/hombre-negocios-financiero-inspector-secretaria-haciendo-informe-calculo-o-comprobacion-balance-inspector-servicio-rentas-internas-revisando-documento-concepto-auditoria-768x512.jpg 768w, http:\/\/www.decyde.es\/wp-content\/uploads\/2023\/07\/hombre-negocios-financiero-inspector-secretaria-haciendo-informe-calculo-o-comprobacion-balance-inspector-servicio-rentas-internas-revisando-documento-concepto-auditoria-1536x1024.jpg 1536w, http:\/\/www.decyde.es\/wp-content\/uploads\/2023\/07\/hombre-negocios-financiero-inspector-secretaria-haciendo-informe-calculo-o-comprobacion-balance-inspector-servicio-rentas-internas-revisando-documento-concepto-auditoria-1500x1000.jpg 1500w, http:\/\/www.decyde.es\/wp-content\/uploads\/2023\/07\/hombre-negocios-financiero-inspector-secretaria-haciendo-informe-calculo-o-comprobacion-balance-inspector-servicio-rentas-internas-revisando-documento-concepto-auditoria-705x470.jpg 705w, http:\/\/www.decyde.es\/wp-content\/uploads\/2023\/07\/hombre-negocios-financiero-inspector-secretaria-haciendo-informe-calculo-o-comprobacion-balance-inspector-servicio-rentas-internas-revisando-documento-concepto-auditoria-450x300.jpg 450w\" sizes=\"(max-width: 2000px) 100vw, 2000px\" \/>\t\t\t\t\t\t\t\t\t\t\t\t\t\t\t<\/p>\n<h2>Asesoramiento Fiscal Contable:<\/h2>\n<ul>\n<li style=\"font-weight: 400;\" aria-level=\"1\">\n<p>Te asesoramos en materia fiscal contable, optimizando tu carga impositiva y asegurando que tus operaciones financieras se ajusten a las normativas fiscales aplicables. Nuestro objetivo es que puedas aprovechar al m\u00e1ximo las ventajas fiscales disponibles para tu empresa, siempre dentro de un marco legal s\u00f3lido.<\/p>\n<ul>\n<li style=\"font-weight: 400;\" aria-level=\"1\">Planificaci\u00f3n fiscal para optimizar carga impositiva.<\/li>\n<li style=\"font-weight: 400;\" aria-level=\"1\">Asesoramiento en el cumplimiento de obligaciones tributarias.<\/li>\n<li style=\"font-weight: 400;\" aria-level=\"1\">An\u00e1lisis de incentivos fiscales y beneficios para la empresa.<\/li>\n<\/ul>\n<\/li>\n<\/ul>\n<h2>Auditor\u00eda y Revisi\u00f3n de Cuentas:<\/h2>\n<ul>\n<li style=\"font-weight: 400;\" aria-level=\"1\">\n<p>Si necesitas una revisi\u00f3n contable o una auditor\u00eda externa, nuestro equipo de profesionales est\u00e1 preparado para realizar una revisi\u00f3n exhaustiva de tus cuentas y operaciones financieras. Nuestro enfoque riguroso y detallado garantiza la precisi\u00f3n y fiabilidad de los resultados.<\/p>\n<ul>\n<li style=\"font-weight: 400;\" aria-level=\"1\">Revisi\u00f3n contable exhaustiva para asegurar la fiabilidad de los registros.<\/li>\n<li style=\"font-weight: 400;\" aria-level=\"1\">Auditor\u00edas externas para empresas que lo requieran.<\/li>\n<li style=\"font-weight: 400;\" aria-level=\"1\">Emisi\u00f3n de informes y recomendaciones para mejorar la gesti\u00f3n financiera.<\/li>\n<\/ul>\n<\/li>\n<\/ul>\n<p>\t\t\t\t\t\t\t\t\t\t\t\t\t\t\t<img decoding=\"async\" width=\"1030\" height=\"686\" src=\"http:\/\/www.decyde.es\/wp-content\/uploads\/2023\/07\/business-finance-document-approve-businessman-signing-contract-paperwork-1030x686.jpg\" alt=\"\" loading=\"lazy\" srcset=\"http:\/\/www.decyde.es\/wp-content\/uploads\/2023\/07\/business-finance-document-approve-businessman-signing-contract-paperwork-1030x686.jpg 1030w, http:\/\/www.decyde.es\/wp-content\/uploads\/2023\/07\/business-finance-document-approve-businessman-signing-contract-paperwork-300x200.jpg 300w, http:\/\/www.decyde.es\/wp-content\/uploads\/2023\/07\/business-finance-document-approve-businessman-signing-contract-paperwork-768x511.jpg 768w, http:\/\/www.decyde.es\/wp-content\/uploads\/2023\/07\/business-finance-document-approve-businessman-signing-contract-paperwork-705x469.jpg 705w, http:\/\/www.decyde.es\/wp-content\/uploads\/2023\/07\/business-finance-document-approve-businessman-signing-contract-paperwork-450x300.jpg 450w, http:\/\/www.decyde.es\/wp-content\/uploads\/2023\/07\/business-finance-document-approve-businessman-signing-contract-paperwork.jpg 1080w\" sizes=\"(max-width: 1030px) 100vw, 1030px\" \/><\/p>","protected":false},"excerpt":{"rendered":"<p>Servicios Contables Conf\u00eda en VIA ASESORES para recibir una asesor\u00eda contable integral y confiable. Nuestro compromiso es brindarte el apoyo necesario para que puedas tomar decisiones financieras informadas y potenciar el crecimiento de tu negocio. No dejes tus finanzas al azar, \u00a1cont\u00e1ctanos hoy mismo y comienza a maximizar el potencial de tu empresa! Llevanza de [&hellip;]<\/p>","protected":false},"author":1,"featured_media":0,"parent":0,"menu_order":0,"comment_status":"closed","ping_status":"closed","template":"elementor_header_footer","meta":[],"_links":{"self":[{"href":"https:\/\/www.decyde.es\/en\/wp-json\/wp\/v2\/pages\/3594"}],"collection":[{"href":"https:\/\/www.decyde.es\/en\/wp-json\/wp\/v2\/pages"}],"about":[{"href":"https:\/\/www.decyde.es\/en\/wp-json\/wp\/v2\/types\/page"}],"author":[{"embeddable":true,"href":"https:\/\/www.decyde.es\/en\/wp-json\/wp\/v2\/users\/1"}],"replies":[{"embeddable":true,"href":"https:\/\/www.decyde.es\/en\/wp-json\/wp\/v2\/comments?post=3594"}],"version-history":[{"count":15,"href":"https:\/\/www.decyde.es\/en\/wp-json\/wp\/v2\/pages\/3594\/revisions"}],"predecessor-version":[{"id":3700,"href":"https:\/\/www.decyde.es\/en\/wp-json\/wp\/v2\/pages\/3594\/revisions\/3700"}],"wp:attachment":[{"href":"https:\/\/www.decyde.es\/en\/wp-json\/wp\/v2\/media?parent=3594"}],"curies":[{"name":"wp","href":"https:\/\/api.w.org\/{rel}","templated":true}]}}