{"id":3621,"date":"2023-07-28T12:45:45","date_gmt":"2023-07-28T12:45:45","guid":{"rendered":"http:\/\/www.decyde.es\/?page_id=3621"},"modified":"2023-07-31T08:51:10","modified_gmt":"2023-07-31T08:51:10","slug":"identidad-corporativa","status":"publish","type":"page","link":"https:\/\/www.decyde.es\/en\/identidad-corporativa\/","title":{"rendered":"Identidad Corporativa"},"content":{"rendered":"<style>\/*! elementor - v3.14.0 - 26-06-2023 *\/\n.elementor-heading-title{padding:0;margin:0;line-height:1}.elementor-widget-heading .elementor-heading-title[class*=elementor-size-]>a{color:inherit;font-size:inherit;line-height:inherit}.elementor-widget-heading .elementor-heading-title.elementor-size-small{font-size:15px}.elementor-widget-heading .elementor-heading-title.elementor-size-medium{font-size:19px}.elementor-widget-heading .elementor-heading-title.elementor-size-large{font-size:29px}.elementor-widget-heading .elementor-heading-title.elementor-size-xl{font-size:39px}.elementor-widget-heading .elementor-heading-title.elementor-size-xxl{font-size:59px}<\/style>\n<h2>Identidad Corporativa<\/h2>\n<p>En VIA ASESORES, entendemos que la identidad corporativa es la esencia de tu empresa y su reflejo en el mercado. Nuestro equipo de expertos en identidad corporativa est\u00e1 dedicado a ayudarte a construir una imagen s\u00f3lida y coherente que transmita los valores y la personalidad de tu negocio. Garantizamos que tu marca sea reconocible y memorable, generando una conexi\u00f3n duradera con tus clientes. Con nuestra asesor\u00eda en identidad corporativa, podr\u00e1s destacar en el mercado y construir una marca exitosa y distintiva.<br \/>Nuestros Servicios de Identidad Corporativa.<\/p>\n<h2>Creaci\u00f3n de Logotipos y S\u00edmbolos Representativos:<\/h2>\n<ul>\n<li style=\"font-weight: 400;\" aria-level=\"1\">\n<ul>\n<li style=\"font-weight: 400;\" aria-level=\"2\">Dise\u00f1o de logotipos que reflejen la esencia y los valores de tu empresa.<\/li>\n<li style=\"font-weight: 400;\" aria-level=\"2\">Creaci\u00f3n de s\u00edmbolos y elementos visuales que destaquen en la mente de tus clientes.<\/li>\n<li style=\"font-weight: 400;\" aria-level=\"2\">Aseguramiento de que la identidad visual sea coherente en todos los canales de comunicaci\u00f3n.<\/li>\n<\/ul>\n<\/li>\n<\/ul>\n<style>\/*! elementor - v3.14.0 - 26-06-2023 *\/\n.elementor-widget-image{text-align:center}.elementor-widget-image a{display:inline-block}.elementor-widget-image a img[src$=\".svg\"]{width:48px}.elementor-widget-image img{vertical-align:middle;display:inline-block}<\/style>\n<p>\t\t\t\t\t\t\t\t\t\t\t\t<img decoding=\"async\" width=\"1030\" height=\"686\" src=\"http:\/\/www.decyde.es\/wp-content\/uploads\/2023\/07\/escenografos-trabajo-1030x686.jpg\" alt=\"\" loading=\"lazy\" srcset=\"http:\/\/www.decyde.es\/wp-content\/uploads\/2023\/07\/escenografos-trabajo-1030x686.jpg 1030w, http:\/\/www.decyde.es\/wp-content\/uploads\/2023\/07\/escenografos-trabajo-300x200.jpg 300w, http:\/\/www.decyde.es\/wp-content\/uploads\/2023\/07\/escenografos-trabajo-768x512.jpg 768w, http:\/\/www.decyde.es\/wp-content\/uploads\/2023\/07\/escenografos-trabajo-1536x1024.jpg 1536w, http:\/\/www.decyde.es\/wp-content\/uploads\/2023\/07\/escenografos-trabajo-1500x1000.jpg 1500w, http:\/\/www.decyde.es\/wp-content\/uploads\/2023\/07\/escenografos-trabajo-705x470.jpg 705w, http:\/\/www.decyde.es\/wp-content\/uploads\/2023\/07\/escenografos-trabajo-450x300.jpg 450w, http:\/\/www.decyde.es\/wp-content\/uploads\/2023\/07\/escenografos-trabajo.jpg 2000w\" sizes=\"(max-width: 1030px) 100vw, 1030px\" \/><br \/>\n\t\t\t\t\t\t\t\t\t\t\t\t\t\t\t<img decoding=\"async\" width=\"1030\" height=\"686\" src=\"http:\/\/www.decyde.es\/wp-content\/uploads\/2023\/07\/propietario-negocio-trabajando-su-estrategia-1030x686.jpg\" alt=\"\" loading=\"lazy\" srcset=\"http:\/\/www.decyde.es\/wp-content\/uploads\/2023\/07\/propietario-negocio-trabajando-su-estrategia-1030x686.jpg 1030w, http:\/\/www.decyde.es\/wp-content\/uploads\/2023\/07\/propietario-negocio-trabajando-su-estrategia-300x200.jpg 300w, http:\/\/www.decyde.es\/wp-content\/uploads\/2023\/07\/propietario-negocio-trabajando-su-estrategia-768x512.jpg 768w, http:\/\/www.decyde.es\/wp-content\/uploads\/2023\/07\/propietario-negocio-trabajando-su-estrategia-1536x1024.jpg 1536w, http:\/\/www.decyde.es\/wp-content\/uploads\/2023\/07\/propietario-negocio-trabajando-su-estrategia-1500x1000.jpg 1500w, http:\/\/www.decyde.es\/wp-content\/uploads\/2023\/07\/propietario-negocio-trabajando-su-estrategia-705x470.jpg 705w, http:\/\/www.decyde.es\/wp-content\/uploads\/2023\/07\/propietario-negocio-trabajando-su-estrategia-450x300.jpg 450w, http:\/\/www.decyde.es\/wp-content\/uploads\/2023\/07\/propietario-negocio-trabajando-su-estrategia.jpg 2000w\" sizes=\"(max-width: 1030px) 100vw, 1030px\" \/>\t\t\t\t\t\t\t\t\t\t\t\t\t\t\t<\/p>\n<h2>Desarrollo de Manual de Identidad Corporativa:<\/h2>\n<ul>\n<li style=\"font-weight: 400;\" aria-level=\"1\">\n<ul>\n<li style=\"font-weight: 400;\" aria-level=\"2\">Elaboraci\u00f3n de gu\u00edas de estilo que establezcan el uso adecuado de la identidad corporativa.<\/li>\n<li style=\"font-weight: 400;\" aria-level=\"2\">Definici\u00f3n de paleta de colores, tipograf\u00edas y pautas para aplicaciones gr\u00e1ficas.<\/li>\n<li style=\"font-weight: 400;\" aria-level=\"2\">Garant\u00eda de coherencia en la presentaci\u00f3n de la marca en distintos soportes y formatos.<\/li>\n<\/ul>\n<\/li>\n<\/ul>\n<p>\t\t\t\t\t\t\t\t\t\t\t\t\t\t\t<img decoding=\"async\" width=\"2000\" height=\"1333\" src=\"http:\/\/www.decyde.es\/wp-content\/uploads\/2023\/07\/arquitecto-cliente-discutiendo-plano.jpg\" alt=\"\" loading=\"lazy\" srcset=\"http:\/\/www.decyde.es\/wp-content\/uploads\/2023\/07\/arquitecto-cliente-discutiendo-plano.jpg 2000w, http:\/\/www.decyde.es\/wp-content\/uploads\/2023\/07\/arquitecto-cliente-discutiendo-plano-300x200.jpg 300w, http:\/\/www.decyde.es\/wp-content\/uploads\/2023\/07\/arquitecto-cliente-discutiendo-plano-1030x686.jpg 1030w, http:\/\/www.decyde.es\/wp-content\/uploads\/2023\/07\/arquitecto-cliente-discutiendo-plano-768x512.jpg 768w, http:\/\/www.decyde.es\/wp-content\/uploads\/2023\/07\/arquitecto-cliente-discutiendo-plano-1536x1024.jpg 1536w, http:\/\/www.decyde.es\/wp-content\/uploads\/2023\/07\/arquitecto-cliente-discutiendo-plano-1500x1000.jpg 1500w, http:\/\/www.decyde.es\/wp-content\/uploads\/2023\/07\/arquitecto-cliente-discutiendo-plano-705x470.jpg 705w, http:\/\/www.decyde.es\/wp-content\/uploads\/2023\/07\/arquitecto-cliente-discutiendo-plano-450x300.jpg 450w\" sizes=\"(max-width: 2000px) 100vw, 2000px\" \/>\t\t\t\t\t\t\t\t\t\t\t\t\t\t\t<\/p>\n<h2>Dise\u00f1o de Material de Marketing y Comunicaci\u00f3n:<\/h2>\n<ul>\n<li style=\"font-weight: 400;\" aria-level=\"1\">\n<ul>\n<li style=\"font-weight: 400;\" aria-level=\"2\">Creaci\u00f3n de material impreso como tarjetas de presentaci\u00f3n, folletos y cat\u00e1logos.<\/li>\n<li style=\"font-weight: 400;\" aria-level=\"2\">Dise\u00f1o de piezas digitales como banners, posts para redes sociales y newsletters.<\/li>\n<li style=\"font-weight: 400;\" aria-level=\"2\">Adaptaci\u00f3n de la identidad visual a campa\u00f1as publicitarias y estrategias de marketing.<\/li>\n<\/ul>\n<\/li>\n<\/ul>\n<h2>Estrategia de Branding y Posicionamiento de Marca:<\/h2>\n<ul>\n<li style=\"font-weight: 400;\" aria-level=\"1\">\n<ul>\n<li style=\"font-weight: 400;\" aria-level=\"2\">Definici\u00f3n de la personalidad y el tono de comunicaci\u00f3n de la marca.<\/li>\n<li style=\"font-weight: 400;\" aria-level=\"2\">Posicionamiento en el mercado para destacar frente a la competencia.<\/li>\n<li style=\"font-weight: 400;\" aria-level=\"2\">Desarrollo de estrategias para generar una imagen positiva y atractiva para tus clientes.<\/li>\n<\/ul>\n<\/li>\n<\/ul>\n<p>\t\t\t\t\t\t\t\t\t\t\t\t\t\t\t<img decoding=\"async\" width=\"1030\" height=\"686\" src=\"http:\/\/www.decyde.es\/wp-content\/uploads\/2023\/07\/mano-usando-computadora-portatil-pantalla-virtual-documento-aprobar-linea-concepto-gestion-erp-garantia-calidad-papel-1030x686.jpg\" alt=\"\" loading=\"lazy\" srcset=\"http:\/\/www.decyde.es\/wp-content\/uploads\/2023\/07\/mano-usando-computadora-portatil-pantalla-virtual-documento-aprobar-linea-concepto-gestion-erp-garantia-calidad-papel-1030x686.jpg 1030w, http:\/\/www.decyde.es\/wp-content\/uploads\/2023\/07\/mano-usando-computadora-portatil-pantalla-virtual-documento-aprobar-linea-concepto-gestion-erp-garantia-calidad-papel-300x200.jpg 300w, http:\/\/www.decyde.es\/wp-content\/uploads\/2023\/07\/mano-usando-computadora-portatil-pantalla-virtual-documento-aprobar-linea-concepto-gestion-erp-garantia-calidad-papel-768x512.jpg 768w, http:\/\/www.decyde.es\/wp-content\/uploads\/2023\/07\/mano-usando-computadora-portatil-pantalla-virtual-documento-aprobar-linea-concepto-gestion-erp-garantia-calidad-papel-1536x1024.jpg 1536w, http:\/\/www.decyde.es\/wp-content\/uploads\/2023\/07\/mano-usando-computadora-portatil-pantalla-virtual-documento-aprobar-linea-concepto-gestion-erp-garantia-calidad-papel-1500x1000.jpg 1500w, http:\/\/www.decyde.es\/wp-content\/uploads\/2023\/07\/mano-usando-computadora-portatil-pantalla-virtual-documento-aprobar-linea-concepto-gestion-erp-garantia-calidad-papel-705x470.jpg 705w, http:\/\/www.decyde.es\/wp-content\/uploads\/2023\/07\/mano-usando-computadora-portatil-pantalla-virtual-documento-aprobar-linea-concepto-gestion-erp-garantia-calidad-papel-450x300.jpg 450w, http:\/\/www.decyde.es\/wp-content\/uploads\/2023\/07\/mano-usando-computadora-portatil-pantalla-virtual-documento-aprobar-linea-concepto-gestion-erp-garantia-calidad-papel.jpg 2000w\" sizes=\"(max-width: 1030px) 100vw, 1030px\" \/><br \/>\n\t\t\t\t\t\t\t\t\t\t\t\t\t\t\t<img decoding=\"async\" width=\"512\" height=\"512\" src=\"http:\/\/www.decyde.es\/wp-content\/uploads\/2023\/07\/Diseno-sin-titulo-3.png\" alt=\"\" loading=\"lazy\" srcset=\"http:\/\/www.decyde.es\/wp-content\/uploads\/2023\/07\/Diseno-sin-titulo-3.png 512w, http:\/\/www.decyde.es\/wp-content\/uploads\/2023\/07\/Diseno-sin-titulo-3-300x300.png 300w, http:\/\/www.decyde.es\/wp-content\/uploads\/2023\/07\/Diseno-sin-titulo-3-80x80.png 80w, http:\/\/www.decyde.es\/wp-content\/uploads\/2023\/07\/Diseno-sin-titulo-3-36x36.png 36w, http:\/\/www.decyde.es\/wp-content\/uploads\/2023\/07\/Diseno-sin-titulo-3-180x180.png 180w, http:\/\/www.decyde.es\/wp-content\/uploads\/2023\/07\/Diseno-sin-titulo-3-120x120.png 120w, http:\/\/www.decyde.es\/wp-content\/uploads\/2023\/07\/Diseno-sin-titulo-3-450x450.png 450w\" sizes=\"(max-width: 512px) 100vw, 512px\" \/>\t\t\t\t\t\t\t\t\t\t\t\t\t\t\t<\/p>\n<h2>Rebranding y Actualizaci\u00f3n de Identidad Corporativa:<\/h2>\n<ul>\n<li style=\"font-weight: 400;\" aria-level=\"1\">\n<ul>\n<li style=\"font-weight: 400;\" aria-level=\"2\">Asesoramiento en procesos de rebranding para modernizar y revitalizar la marca.<\/li>\n<li style=\"font-weight: 400;\" aria-level=\"2\">Actualizaci\u00f3n de la identidad corporativa para adaptarse a cambios en el mercado o la empresa.<\/li>\n<li style=\"font-weight: 400;\" aria-level=\"2\">Garant\u00eda de que el cambio de imagen sea coherente con la identidad y los objetivos del negocio.<\/li>\n<\/ul>\n<\/li>\n<\/ul>","protected":false},"excerpt":{"rendered":"<p>Identidad Corporativa En VIA ASESORES, entendemos que la identidad corporativa es la esencia de tu empresa y su reflejo en el mercado. Nuestro equipo de expertos en identidad corporativa est\u00e1 dedicado a ayudarte a construir una imagen s\u00f3lida y coherente que transmita los valores y la personalidad de tu negocio. Garantizamos que tu marca sea [&hellip;]<\/p>","protected":false},"author":1,"featured_media":0,"parent":0,"menu_order":0,"comment_status":"closed","ping_status":"closed","template":"elementor_header_footer","meta":[],"_links":{"self":[{"href":"https:\/\/www.decyde.es\/en\/wp-json\/wp\/v2\/pages\/3621"}],"collection":[{"href":"https:\/\/www.decyde.es\/en\/wp-json\/wp\/v2\/pages"}],"about":[{"href":"https:\/\/www.decyde.es\/en\/wp-json\/wp\/v2\/types\/page"}],"author":[{"embeddable":true,"href":"https:\/\/www.decyde.es\/en\/wp-json\/wp\/v2\/users\/1"}],"replies":[{"embeddable":true,"href":"https:\/\/www.decyde.es\/en\/wp-json\/wp\/v2\/comments?post=3621"}],"version-history":[{"count":15,"href":"https:\/\/www.decyde.es\/en\/wp-json\/wp\/v2\/pages\/3621\/revisions"}],"predecessor-version":[{"id":3717,"href":"https:\/\/www.decyde.es\/en\/wp-json\/wp\/v2\/pages\/3621\/revisions\/3717"}],"wp:attachment":[{"href":"https:\/\/www.decyde.es\/en\/wp-json\/wp\/v2\/media?parent=3621"}],"curies":[{"name":"wp","href":"https:\/\/api.w.org\/{rel}","templated":true}]}}