{"id":3785,"date":"2022-06-30T09:51:54","date_gmt":"2022-06-30T09:51:54","guid":{"rendered":"https:\/\/lopezgarre.es\/?page_id=11"},"modified":"2023-07-31T10:31:54","modified_gmt":"2023-07-31T10:31:54","slug":"politica-de-cookies","status":"publish","type":"page","link":"https:\/\/www.decyde.es\/en\/politica-de-cookies\/","title":{"rendered":"Pol\u00edtica de cookies"},"content":{"rendered":"<style>\/*! elementor - v3.14.0 - 26-06-2023 *\/\n.elementor-heading-title{padding:0;margin:0;line-height:1}.elementor-widget-heading .elementor-heading-title[class*=elementor-size-]>a{color:inherit;font-size:inherit;line-height:inherit}.elementor-widget-heading .elementor-heading-title.elementor-size-small{font-size:15px}.elementor-widget-heading .elementor-heading-title.elementor-size-medium{font-size:19px}.elementor-widget-heading .elementor-heading-title.elementor-size-large{font-size:29px}.elementor-widget-heading .elementor-heading-title.elementor-size-xl{font-size:39px}.elementor-widget-heading .elementor-heading-title.elementor-size-xxl{font-size:59px}<\/style>\n<h2>Pol\u00edtica de cookies<\/h2>\n<link rel=\"stylesheet\" href=\"http:\/\/www.decyde.es\/wp-content\/plugins\/elementor\/assets\/css\/widget-icon-list.min.css\">\n<ul>\n<li>\n\t\t\t\t\t\t\t\t\t\t\t<a href=\"#1\"><br \/>\n\t\t\t\t\t\t\t\t\t\tDEFINICI\u00d3N DE COOKIES<br \/>\n\t\t\t\t\t\t\t\t\t\t\t<\/a>\n\t\t\t\t\t\t\t\t\t<\/li>\n<li>\n\t\t\t\t\t\t\t\t\t\t\t<a href=\"#2\"><br \/>\n\t\t\t\t\t\t\t\t\t\tCOOKIES UTILIZADAS<br \/>\n\t\t\t\t\t\t\t\t\t\t\t<\/a>\n\t\t\t\t\t\t\t\t\t<\/li>\n<li>\n\t\t\t\t\t\t\t\t\t\t\t<a href=\"#3\"><br \/>\n\t\t\t\t\t\t\t\t\t\tCookies de preferencias<br \/>\n\t\t\t\t\t\t\t\t\t\t\t<\/a>\n\t\t\t\t\t\t\t\t\t<\/li>\n<li>\n\t\t\t\t\t\t\t\t\t\t\t<a href=\"#4\"><br \/>\n\t\t\t\t\t\t\t\t\t\tCookies de estad\u00edsticas<br \/>\n\t\t\t\t\t\t\t\t\t\t\t<\/a>\n\t\t\t\t\t\t\t\t\t<\/li>\n<li>\n\t\t\t\t\t\t\t\t\t\t\t<a href=\"#5\"><br \/>\n\t\t\t\t\t\t\t\t\t\tCookies de m\u00e1rketing<br \/>\n\t\t\t\t\t\t\t\t\t\t\t<\/a>\n\t\t\t\t\t\t\t\t\t<\/li>\n<li>\n\t\t\t\t\t\t\t\t\t\t\t<a href=\"#6\"><br \/>\n\t\t\t\t\t\t\t\t\t\tC\u00f3mo deshabilitar las Cookies en los principales navegadores<br \/>\n\t\t\t\t\t\t\t\t\t\t\t<\/a>\n\t\t\t\t\t\t\t\t\t<\/li>\n<\/ul>\n<style>\/*! elementor - v3.14.0 - 26-06-2023 *\/\n.elementor-column .elementor-spacer-inner{height:var(--spacer-size)}.e-con{--container-widget-width:100%}.e-con-inner>.elementor-widget-spacer,.e-con>.elementor-widget-spacer{width:var(--container-widget-width,var(--spacer-size));--align-self:var(--container-widget-align-self,initial);--flex-shrink:0}.e-con-inner>.elementor-widget-spacer>.elementor-widget-container,.e-con-inner>.elementor-widget-spacer>.elementor-widget-container>.elementor-spacer,.e-con>.elementor-widget-spacer>.elementor-widget-container,.e-con>.elementor-widget-spacer>.elementor-widget-container>.elementor-spacer{height:100%}.e-con-inner>.elementor-widget-spacer>.elementor-widget-container>.elementor-spacer>.elementor-spacer-inner,.e-con>.elementor-widget-spacer>.elementor-widget-container>.elementor-spacer>.elementor-spacer-inner{height:var(--container-widget-height,var(--spacer-size))}<\/style>\n<style>\/*! elementor - v3.14.0 - 26-06-2023 *\/\nbody.elementor-page .elementor-widget-menu-anchor{margin-bottom:0}<\/style>\n<h2>DEFINICI\u00d3N DE COOKIES<\/h2>\n<p>Las cookies son identificadores que enviamos al disco duro de su ordenador a trav\u00e9s de su navegador Web con el fin de que nuestros sistemas puedan reconocer su navegador y ofrecerle ciertos servicios.<\/p>\n<p>Esta p\u00e1gina utiliza tipos diferentes de cookies. Algunas cookies son colocadas por servicios de terceros que aparecen en nuestras p\u00e1ginas.<\/p>\n<p>A continuaci\u00f3n indicamos las cookies que utiliza esta p\u00e1gina.<\/p>\n<h2>COOKIES UTILIZADAS<\/h2>\n<p><strong>Cookies necesarias<\/strong><\/p>\n<p>Las cookies necesarias ayudan a hacer una p\u00e1gina web utilizable activando funciones b\u00e1sicas como la navegaci\u00f3n en la p\u00e1gina y el acceso a \u00e1reas seguras de la p\u00e1gina web. La p\u00e1gina web no puede funcionar adecuadamente sin estas cookies.<\/p>\n<table width=\"97%\">\n<tbody>\n<tr>\n<td width=\"14%\">\n<p><strong>Nombre<\/strong><\/p>\n<\/td>\n<td width=\"23%\">\n<p><strong>Proveedor<\/strong><\/p>\n<\/td>\n<td width=\"24%\">\n<p><strong>Prop\u00f3sito<\/strong><\/p>\n<\/td>\n<td width=\"37%\">\n<p><strong>Caducidad<\/strong><\/p>\n<\/td>\n<\/tr>\n<tr>\n<td width=\"14%\">\n<p>cookie-agreed<\/p>\n<\/td>\n<td width=\"23%\">\u00a0<\/td>\n<td width=\"24%\">\n<p>Saber si por ejemplo el usuario ha aceptado la advertencia de las cookies.<\/p>\n<\/td>\n<td width=\"37%\">\n<p>3 meses<\/p>\n<\/td>\n<\/tr>\n<\/tbody>\n<\/table>\n<h2>COOKIES DE PREFERENCIA<\/h2>\n<p>Las cookies de preferencias permiten a la p\u00e1gina web recordar informaci\u00f3n que cambia la forma en que la p\u00e1gina se comporta o el aspecto que tiene, como su idioma preferido o la regi\u00f3n en la que usted se encuentra.<\/p>\n<h2>COOKIES DE ESTAD\u00cdSTICAS<\/h2>\n<p>Las cookies estad\u00edsticas ayudan a los propietarios de p\u00e1ginas web a comprender c\u00f3mo interact\u00faan los visitantes con las p\u00e1ginas web reuniendo y proporcionando informaci\u00f3n de forma an\u00f3nima.<\/p>\n<table width=\"97%\">\n<tbody>\n<tr>\n<td width=\"14%\">\n<p><strong>Nombre<\/strong><\/p>\n<\/td>\n<td width=\"23%\">\n<p><strong>Proveedor<\/strong><\/p>\n<\/td>\n<td width=\"24%\">\n<p><strong>Prop\u00f3sito<\/strong><\/p>\n<\/td>\n<td width=\"37%\">\n<p><strong>Caducidad<\/strong><\/p>\n<\/td>\n<\/tr>\n<tr>\n<td width=\"14%\">\n<p>_ga<\/p>\n<\/td>\n<td width=\"23%\">\u00a0<\/td>\n<td width=\"24%\">\n<p>Registra una identificaci\u00f3n \u00fanica que se utiliza para generar datos estad\u00edsticos acerca de c\u00f3mo utiliza el visitante el sitio web<\/p>\n<\/td>\n<td width=\"37%\">\n<p>2 a\u00f1os<\/p>\n<\/td>\n<\/tr>\n<tr>\n<td width=\"14%\">\n<p>_gid<\/p>\n<\/td>\n<td width=\"23%\">\u00a0<\/td>\n<td width=\"24%\">\n<p>Registra una identificaci\u00f3n \u00fanica que se utiliza para generar datos estad\u00edsticos acerca de c\u00f3mo utiliza el visitante el sitio web.<\/p>\n<\/td>\n<td width=\"37%\">\n<p>1 d\u00eda<\/p>\n<\/td>\n<\/tr>\n<tr>\n<td width=\"14%\">\n<p>_gat<\/p>\n<\/td>\n<td width=\"23%\">\u00a0<\/td>\n<td width=\"24%\">\n<p>Se usa para limitar el porcentaje de solicitudes<\/p>\n<\/td>\n<td width=\"37%\">\n<p>Cookie de sesi\u00f3n<\/p>\n<\/td>\n<\/tr>\n<\/tbody>\n<\/table>\n<h2>COOKIES DE MARKETING<\/h2>\n<p>Las cookies de marketing se utilizan para rastrear a los visitantes en las p\u00e1ginas web. La intenci\u00f3n es mostrar anuncios relevantes y atractivos para el usuario individual, y por lo tanto, m\u00e1s valiosos para los editores y terceros anunciantes.<\/p>\n<h2>C\u00d3MO DESHABILITAR LAS COOKIES EN LOS PRINCIPALES NAVEGADORES<\/h2>\n<p>Normalmente es posible dejar de aceptar las Cookies del navegador, o dejar de aceptar las Cookies de un Servicio en particular.<\/p>\n<p>Todos los navegadores modernos permiten cambiar la configuraci\u00f3n de Cookies. Estos ajustes normalmente se encuentra en las \u2018opciones\u2019 o \u2018Preferencias\u2019 del men\u00fa de su navegador. Asimismo, puede configurar su navegador o su gestor de correo electr\u00f3nico.<\/p>\n<p>A continuaci\u00f3n se ofrece orientaci\u00f3n al Usuario sobre los pasos para acceder al men\u00fa de configuraci\u00f3n de las cookies y, en su caso, de la navegaci\u00f3n privada en cada uno de los navegadores principales:<\/p>\n<p><strong>Internet Explorer:<\/strong>\u00a0Herramientas -&gt; Opciones de Internet\u00a0-&gt; Privacidad\u00a0-&gt; Configuraci\u00f3n. Para m\u00e1s informaci\u00f3n, puede consultar el\u00a0<a href=\"http:\/\/windows.microsoft.com\/es-ES\/windows\/support\">soporte de Microsoft<\/a>\u00a0o la Ayuda del navegador.<\/p>\n<p><strong>Firefox:<\/strong>\u00a0Herramientas\u00a0-&gt; Opciones\u00a0-&gt; Privacidad\u00a0-&gt; Historial\u00a0-&gt; Configuraci\u00f3n Personalizada. Para m\u00e1s informaci\u00f3n, puede consultar el\u00a0<a href=\"http:\/\/support.mozilla.org\/es\/home\">soporte de Mozilla<\/a>\u00a0o la Ayuda del navegador.<\/p>\n<p><strong>Chrome:<\/strong>\u00a0Configuraci\u00f3n\u00a0-&gt; Mostrar opciones avanzadas\u00a0-&gt; Privacidad\u00a0-&gt; Configuraci\u00f3n de contenido. Para m\u00e1s informaci\u00f3n, puede consultar el\u00a0<a href=\"http:\/\/support.google.com\/chrome\/?hl=es\">soporte de Google<\/a>\u00a0o la Ayuda del navegador.<\/p>\n<p><strong>Safari:<\/strong>\u00a0Preferencias\u00a0-&gt; Seguridad. Para m\u00e1s informaci\u00f3n, puede consultar el\u00a0<a href=\"http:\/\/www.apple.com\/es\/support\/safari\/\">soporte de Apple<\/a>\u00a0o la Ayuda del navegador.<\/p>\n<p><strong>\u00bfQu\u00e9 ocurre si se deshabilitan las Cookies?<\/strong><\/p>\n<p>Algunas funcionalidades de los Servicios quedar\u00e1n deshabilitados como, por ejemplo, permanecer\u00a0identificado, mantener las compras en el \u201ccarrito de la compra\u201d, etc.<\/p>","protected":false},"excerpt":{"rendered":"<p>Pol\u00edtica de cookies DEFINICI\u00d3N DE COOKIES COOKIES UTILIZADAS Cookies de preferencias Cookies de estad\u00edsticas Cookies de m\u00e1rketing C\u00f3mo deshabilitar las Cookies en los principales navegadores DEFINICI\u00d3N DE COOKIES Las cookies son identificadores que enviamos al disco duro de su ordenador a trav\u00e9s de su navegador Web con el fin de que nuestros sistemas puedan reconocer [&hellip;]<\/p>","protected":false},"author":5,"featured_media":0,"parent":0,"menu_order":0,"comment_status":"closed","ping_status":"closed","template":"elementor_header_footer","meta":[],"_links":{"self":[{"href":"https:\/\/www.decyde.es\/en\/wp-json\/wp\/v2\/pages\/3785"}],"collection":[{"href":"https:\/\/www.decyde.es\/en\/wp-json\/wp\/v2\/pages"}],"about":[{"href":"https:\/\/www.decyde.es\/en\/wp-json\/wp\/v2\/types\/page"}],"author":[{"embeddable":true,"href":"https:\/\/www.decyde.es\/en\/wp-json\/wp\/v2\/users\/5"}],"replies":[{"embeddable":true,"href":"https:\/\/www.decyde.es\/en\/wp-json\/wp\/v2\/comments?post=3785"}],"version-history":[{"count":3,"href":"https:\/\/www.decyde.es\/en\/wp-json\/wp\/v2\/pages\/3785\/revisions"}],"predecessor-version":[{"id":3806,"href":"https:\/\/www.decyde.es\/en\/wp-json\/wp\/v2\/pages\/3785\/revisions\/3806"}],"wp:attachment":[{"href":"https:\/\/www.decyde.es\/en\/wp-json\/wp\/v2\/media?parent=3785"}],"curies":[{"name":"wp","href":"https:\/\/api.w.org\/{rel}","templated":true}]}}